{"id":1154,"date":"2010-09-04T23:22:57","date_gmt":"2010-09-04T23:22:57","guid":{"rendered":"http:\/\/www.claude-arnaud.com\/fr\/?page_id=1154"},"modified":"2025-01-25T15:36:48","modified_gmt":"2025-01-25T14:36:48","slug":"qui-dit-je-en-nous-presentation","status":"publish","type":"page","link":"https:\/\/www.claude-arnaud.com\/fr\/essais\/qui-dit-je-en-nous-presentation","title":{"rendered":"Qui dit je en nous?"},"content":{"rendered":"<p><strong><strong><strong><strong><strong><img loading=\"lazy\" decoding=\"async\" class=\"alignleft size-medium wp-image-11031\" src=\"http:\/\/www.claude-arnaud.com\/fr\/wp-content\/uploads\/2021\/01\/9782246699811-T-179x300.jpg\" alt=\"\" width=\"179\" height=\"300\" srcset=\"https:\/\/www.claude-arnaud.com\/fr\/wp-content\/uploads\/2021\/01\/9782246699811-T-179x300.jpg 179w, https:\/\/www.claude-arnaud.com\/fr\/wp-content\/uploads\/2021\/01\/9782246699811-T.jpg 600w\" sizes=\"auto, (max-width: 179px) 100vw, 179px\" \/><\/strong><\/strong><\/strong><\/strong><\/strong><\/p>\n<p><span style=\"text-decoration: underline;\"><strong><strong><strong><strong><strong>\u00a0<\/strong><\/strong><\/strong><\/strong><\/strong><\/span><\/p>\n<blockquote>\n<h4><span style=\"color: #008000;\"><em>QUI DIT JE EN NOUS?<\/em><\/span>, LE PREMIER ESSAI DE <span style=\"color: #008000;\">CLAUDE ARNAUD<\/span>, A ETE PUBLIE EN <span style=\"color: #008000;\">SEPTEMBRE 2006<\/span> PAR LES <span style=\"color: #008000;\">EDITIONS GRASSET<\/span> DANS LEUR COLLECTION BLEUE<\/h4>\n<h2><strong><span style=\"text-decoration: underline;\"><span style=\"color: #008000; text-decoration: underline;\">*EN GUISE D&rsquo;INTRODUCTION<\/span><\/span><\/strong><\/h2>\n<h6>\u00a0\u00ab\u00a0<\/h6>\n<h6><strong><strong><strong><strong><strong>Qu\u2019est-ce qui relie <span style=\"color: #008000;\"><strong>Erich von Stroheim<\/strong><\/span>, cet \u00ab aristocrate \u00bb viennois dont les films imp\u00e9riaux et les mensonges r\u00e9p\u00e9t\u00e9s r\u00e9ussirent \u00e0 occulter le couple de chapelier juif qui l\u2019avait \u00e9lev\u00e9, \u00e0 <span style=\"color: #008000;\"><strong>Benjamin Wilkomirski<\/strong><\/span>, ce rescap\u00e9 qui publia des souvenirs sur les camps o\u00f9 il avait grandi, et qui retrouva gr\u00e2ce \u00e0 eux son p\u00e8re \u00e0 J\u00e9rusalem, avant d\u2019\u00eatre suspect\u00e9 d\u2019affabulation ? <span style=\"color: #008000;\"><strong>Arnaud du Thil<\/strong><\/span>, cet aventurier qui prit l\u2019identit\u00e9 d\u2019un jeune p\u00e8re de famille enfui, se fit accepter par sa femme et son fils et v\u00e9cut des ann\u00e9es avec eux, sous le nom de <span style=\"color: #008000;\"><strong>Martin Guerre<\/strong><\/span> &#8211; et <span style=\"color: #008000;\"><strong>Jean-Claude Romand<\/strong><\/span>, qui se fit passer pendant un quart de si\u00e8cle pour un chercheur mondialement reconnu, avant de finir par tuer ses parents, sa femme et ses enfants, \u00e0 la veille d\u2019\u00eatre d\u00e9couvert ? Le besoin d\u2019\u00eatre autre que soi. Le d\u00e9sir de se forger une autre <strong>identit\u00e9<\/strong> que celle esquiss\u00e9e par la famille et le milieu, et ent\u00e9rin\u00e9e par faiblesse, dans un premier temps. La n\u00e9cessit\u00e9 de se recr\u00e9er, du moins de passer pour ce que l\u2019on souhaite profond\u00e9ment \u00eatre. <span style=\"color: #008000;\">L\u2019envie de mener plusieurs vies, parall\u00e8les ou successives.<\/span><\/strong><\/strong><\/strong><\/strong><\/strong><\/h6>\n<\/blockquote>\n<blockquote>\n<h6><strong>\u00a0\u00ab\u00a0<\/strong><strong><strong><strong><strong><strong>Tous ces cas nous rappellent que chacun dispose \u00e0 l\u2019origine de moyens pour orienter ou <span style=\"color: #008000;\">manipuler sa propre <strong>humanit\u00e9<\/strong>.<\/span> L\u2019identit\u00e9 n\u2019est pas qu\u2019un legs, en effet ; elle est aussi le petit r\u00e9cit que chacun \u00e9labore, au sortir de l\u2019enfance, afin d\u2019acqu\u00e9rir une autonomie et donc une r\u00e9alit\u00e9. C\u2019est la fa\u00e7on qu\u2019on a de <span style=\"color: #008000;\">se <strong>raconter \u00e0 soi<\/strong> mais aussi \u00e0 autrui, puis \u00e0 soi tel que l\u2019imagine ou le redoute autrui<\/span> \u2013 soit d\u00e9j\u00e0 deux r\u00e9cits \u00e0 la puissance n, eux-m\u00eames sujets \u00e0 de modulations, mais aussi indispensables \u00e0 notre survie que l\u2019eau ou le pain. C\u2019est l\u2019art, coh\u00e9rent, brouillon ou inventif, que chacun d\u00e9ploie pour justifier ou freiner les oscillations de <span style=\"color: #008000;\"><strong>cet amas g\u00e9latineux qu\u2019est le moi<\/strong><\/span>.<\/strong><\/strong><\/strong><\/strong><\/strong><\/h6>\n<\/blockquote>\n<blockquote>\n<h6><strong> <img loading=\"lazy\" decoding=\"async\" class=\"alignleft size-medium wp-image-11031\" src=\"http:\/\/www.claude-arnaud.com\/fr\/wp-content\/uploads\/2021\/01\/9782246699811-T-179x300.jpg\" alt=\"\" width=\"179\" height=\"300\" srcset=\"https:\/\/www.claude-arnaud.com\/fr\/wp-content\/uploads\/2021\/01\/9782246699811-T-179x300.jpg 179w, https:\/\/www.claude-arnaud.com\/fr\/wp-content\/uploads\/2021\/01\/9782246699811-T.jpg 600w\" sizes=\"auto, (max-width: 179px) 100vw, 179px\" \/>\u00ab\u00a0<\/strong><strong><strong><strong><strong><strong>Autant qu\u2019\u00e0 la r\u00e9alit\u00e9, <span style=\"color: #008000;\">l\u2019identit\u00e9<\/span> qu\u2019on s\u2019accorde appartient donc au monde de la fiction, sinon du r\u00eave : elle est le micro-roman que chacun \u00e9crit sur la page blanche qui l\u2019a vu na\u00eetre, afin de s\u2019extraire du flux anonyme des \u00e9l\u00e9ments. Cette fiction n\u2019est pas toujours aussi inspir\u00e9e que <span style=\"color: #008000;\"><strong>La Conscience de Zeno<\/strong><\/span>, romanesque que la vie de <span style=\"color: #008000;\"><strong>Wilde<\/strong><\/span> ou de <span style=\"color: #008000;\"><strong>Mishima<\/strong><\/span>, mais elle est aussi digne d\u2019interpr\u00e9tation \u2013 que fait d\u2019autre l\u2019analyse ? Bref, il serait peut-\u00eatre plus judicieux de dire \u201c il \u201d ou \u201c nous \u201d que \u201c je \u201d.<\/strong><\/strong><\/strong><\/strong><\/strong><\/h6>\n<\/blockquote>\n<blockquote>\n<h6><strong>\u00a0\u00bb\u00a0<\/strong><strong> <strong><strong><strong> <strong>La <strong>m\u00e9taphore de l\u2019<span style=\"color: #008000;\">arbre<\/span><\/strong> servait autrefois \u00e0 d\u00e9finir l\u2019individu, donc \u00e0 le former. Il se trouvait \u201c naturellement \u201d <span style=\"color: #008000;\">enracin\u00e9<\/span> dans une terre, un clan, une foi ou une patrie. Sa vie se mesurait non pas en ann\u00e9es, mais en g\u00e9n\u00e9rations, \u00e0 l\u2019image du <span style=\"color: #008000;\">ch\u00eane<\/span> ; l\u2019exil \u00e9tait v\u00e9cu comme un drame, l\u2019\u00e9loignement comme une rel\u00e9gation. Notre <span style=\"color: #008000;\">\u00e9poque<\/span>, \u00e0 l\u2019inverse, nous veut toujours plus mobiles professionnellement, ouverts aux donn\u00e9es, produits et slogans qu\u2019elle produit en surnombre. Elle encourage le nomadisme g\u00e9ographique et la flexibilit\u00e9 identitaire &#8211; pour ne pas dire le <span style=\"color: #008000;\">cam\u00e9l\u00e9onisme<\/span>. L\u2019essor de <strong>l\u2019autofiction<\/strong> le sugg\u00e8re : <span style=\"color: #008000;\">ce d\u00e9clin de l\u2019identit\u00e9<\/span> s\u2019accompagne d\u2019un besoin exponentiel de notori\u00e9t\u00e9. Pour \u00eatre, il ne faut plus \u00eatre enracin\u00e9 mais connu. Il reste bien de fortes r\u00e9sistances intimes : le <span style=\"color: #008000;\">moi<\/span> n\u2019est pas toujours enclin \u00e0 se d\u00e9faire des valeurs qui le fondent, m\u00eame partiellement. La <span style=\"color: #008000;\">souplesse \u00e9l\u00e9mentaire<\/span> qui permet \u00e0 l\u2019\u00e9leveur pakistanais de devenir un authentique chauffeur de taxi new-yorkais est n\u00e9anmoins une disposition largement partag\u00e9e. Nous avons tous d\u00fb choisir, \u00e0 l\u2019aurore de notre vie, entre <strong>quelques versions de nous-m\u00eames<\/strong>, avant que le temps ne fige ce moi si labile.<\/strong><\/strong><\/strong><\/strong><\/strong><\/h6>\n<\/blockquote>\n<blockquote>\n<h6><strong> <strong><strong><strong> <strong>\u201c Nous naissons plusieurs, nous mourons un seul \u201d, disait d\u00e9j\u00e0 <span style=\"color: #008000;\"><strong>Val\u00e9ry<\/strong><\/span> : l\u2019intuition litt\u00e9raire est devenue une r\u00e9alit\u00e9 \u2013 m\u00eame si nous sommes de moins en moins nombreux \u00e0 parvenir \u00e0 l\u2019unit\u00e9. Cette m\u00e9tamorphose fut pr\u00e9par\u00e9e par les r\u00e9flexions sur l\u2019identit\u00e9 qui travaill\u00e8rent la Vienne de <span style=\"color: #008000;\"><strong>Musil<\/strong><\/span> et de <strong>Freud<\/strong>, mais aussi par le travail visionnaire d\u2019une poign\u00e9e d\u2019\u00e9crivains : le prot\u00e9iforme <span style=\"color: #008000;\"><strong>Cocteau<\/strong><\/span>, qui accumula \u00e0 partir de 1913 les mues litt\u00e9raires, l\u2019\u00e9nigmatique <span style=\"color: #008000;\"><strong>Pessoa<\/strong><\/span> qui engendra les h\u00e9t\u00e9ronymes qui allaient d\u00e9multiplier sa vie po\u00e9tique, d\u2019Alberto Caeiro \u00e0 Alvaro de Campos, un \u201c jour triomphal \u201d de 1914 ; l\u2019\u00e9blouissant <span style=\"color: #008000;\"><strong>Pirandello<\/strong><\/span>, dont l\u2019\u0153uvre est hant\u00e9e par la fictivit\u00e9 du \u201c je \u201d. Mais on doit aussi remonter \u00e0 <strong>Montaigne<\/strong>, l\u2019un des premiers analystes des intermittences de l\u2019ego, et m\u00eame au <span style=\"color: #008000;\">Christ<\/span>, mort pour r\u00e9v\u00e9ler au monde l\u2019unicit\u00e9 et l\u2019intangibilit\u00e9 de Dieu.<\/strong><\/strong><\/strong><\/strong><\/strong><\/h6>\n<\/blockquote>\n<blockquote>\n<h6><strong><img loading=\"lazy\" decoding=\"async\" class=\"alignleft size-medium wp-image-11031\" src=\"http:\/\/www.claude-arnaud.com\/fr\/wp-content\/uploads\/2021\/01\/9782246699811-T-179x300.jpg\" alt=\"\" width=\"179\" height=\"300\" srcset=\"https:\/\/www.claude-arnaud.com\/fr\/wp-content\/uploads\/2021\/01\/9782246699811-T-179x300.jpg 179w, https:\/\/www.claude-arnaud.com\/fr\/wp-content\/uploads\/2021\/01\/9782246699811-T.jpg 600w\" sizes=\"auto, (max-width: 179px) 100vw, 179px\" \/>\u00ab\u00a0<\/strong><strong><strong><strong><strong>\u00a0<\/strong><\/strong><\/strong><strong><strong><strong><strong><span style=\"color: #008000;\">Les divinit\u00e9s de l\u2019Olympe<\/span>, elles, \u00e9taient promptes \u00e0 se m\u00e9tamorphoser en humains ou en b\u00eates, \u00e0 changer d\u2019\u00e2ge ou d\u2019apparence : elles pourraient bien redevenir des mod\u00e8les. Car nous r\u00eavons aussi de pouvoir changer notre apparence en la rajeunissant, ou en la redessinant. Les transformations \u00e0 vue de <span style=\"color: #008000;\"><strong>Micha\u00ebl Jackson<\/strong><\/span>, comme le visage mutil\u00e9 de l\u2019auto-artiste <span style=\"color: #008000;\"><strong>Orlan<\/strong><\/span>, sont les vivantes images des pouvoirs que la technique nous conf\u00e8re, pour modifier notre apparence raciale et sexuelle. Des op\u00e9rations r\u00e9p\u00e9t\u00e9es nous permettent d\u00e9j\u00e0 de renouveler nos organes, de changer de sexe ou de couleur : il sera bient\u00f4t possible de devenir sa propre \u0153uvre, presque de <span style=\"color: #008000;\">s\u2019auto-engendrer<\/span>.<\/strong><\/strong><\/strong><\/strong><\/strong><\/h6>\n<\/blockquote>\n<blockquote>\n<h6><strong> <strong><strong><strong> <strong>Ce n\u2019est donc pas <span style=\"color: #008000;\">une th\u00e9orie<\/span> qu\u2019on trouve dans ce voyage \u00e0 travers le <strong>labyrinthe du moi<\/strong>, mais une suite de propositions vagabondes destin\u00e9es \u00e0 faire r\u00e9fl\u00e9chir et r\u00eaver. <span style=\"color: #008000;\">Qui dit je en nous?<\/span>, et combien de je renferme ce nous, c\u2019est la question que posent ces imposteurs, ces agents double et ces \u00eatres quasi-fictifs qui nous ressemblent chaque jour un peu plus, pour <span style=\"color: #008000;\">avoir eu \u00e0 choisir entre plusieurs identit\u00e9s, et su mourir \u00e0 eux-m\u00eames pour rena\u00eetre<\/span>, tout au long de leur vie.<\/strong><\/strong><\/strong><\/strong><\/strong><\/h6>\n<h6><\/h6>\n<h6><strong><strong><strong><strong><strong><strong><strong><strong><strong><strong><strong>Ce livre est d\u00e9di\u00e9 au cin\u00e9aste <strong><a title=\"allocine\" href=\"http:\/\/www.allocine.fr\/personne\/fichepersonne_gen_cpersonne=24890.html\" target=\"_blank\" rel=\"noopener\">Charles NAJMAN<\/a>.<\/strong><\/strong><\/strong><\/strong><\/strong><\/strong><\/strong><\/strong><\/strong><\/strong><\/strong><\/strong><\/h6>\n<\/blockquote>\n<blockquote>\n<h2><span style=\"text-decoration: underline;\"><strong><span style=\"color: #008000; text-decoration: underline;\">*DANS LES JURYS<\/span><\/strong><\/span><\/h2>\n<h6><strong><strong><strong><strong><strong><strong>Encourag\u00e9 en 2004 <span style=\"color: #008000;\">par la bourse CIORAN<\/span>, d\u00e9cern\u00e9e par le Centre National du Livre, <span style=\"color: #008000;\">QUI DIT JE EN NOUS?<\/span><\/strong> a figur\u00e9 sur la 1\u00b0 liste du : <a href=\"https:\/\/www.lemonde.fr\/culture\/article\/2006\/09\/13\/la-premiere-selection-du-prix-renaudot_812560_3246.html\" target=\"_blank\" rel=\"noopener\">Prix Renaudot de l\u2019Essai<\/a>\u2026<\/strong><\/strong><\/strong><\/strong><\/strong><\/h6>\n<h6><strong><strong><strong><strong><strong>sur le deuxi\u00e8me liste du : Prix Femina de l\u2019Essai\u2026et du : Prix M\u00e9dicis <\/strong><\/strong><\/strong><\/strong><\/strong><\/h6>\n<h6><strong><strong><strong><strong><strong>Il a re\u00e7u le <a href=\"http:\/\/www.lalettredulibraire.com\/Palmar%C3%A8s-du-prix-Femina-essai\" target=\"_blank\" rel=\"noopener\">PRIX FEMINA de l\u2019essai <\/a>le 30 octobre 2006.<\/strong><\/strong><\/strong><\/strong><\/strong><\/h6>\n<\/blockquote>\n<blockquote>\n<h2><strong><span style=\"text-decoration: underline;\"><span style=\"color: #008000; text-decoration: underline;\">*POUR TROUVER CE LIVRE EN VERSION PAPIER <\/span><\/span><\/strong><span style=\"text-decoration: underline;\"><a href=\"https:\/\/www.parislibrairies.fr\/listeliv.php?form_recherche_avancee=ok&amp;base=allbooks&amp;titre=qui+dit+je+en+nous%3F&amp;titre1=qui+dit+je+en+nous%3F&amp;auteurs=claude+arnaud&amp;auteurs1=claude+arnaud&amp;dispo=1%2C2&amp;select_tri_recherche=pertinence\" target=\"_blank\" rel=\"noopener\">A PARIS.<\/a>..<\/span><\/h2>\n<h2><strong><strong><strong><strong><strong><strong><a title=\"Fnac\" href=\"http:\/\/livre.fnac.com\/a1848007\/Claude-Arnaud-Qui-dit-je-en-nous#player\" target=\"_blank\" rel=\"noopener\">\u00a0*EN FRANCE<\/a><\/strong><\/strong><\/strong><\/strong><\/strong><\/strong>&#8230;<\/h2>\n<h2><span style=\"text-decoration: underline;\"><strong><span style=\"color: #008000;\"><a title=\"appel du livre\" href=\"http:\/\/numerique.appeldulivre.fr\/ResultatRecherche\/Arnaud\/45405.Auteur\" target=\"_blank\" rel=\"noopener\"><span style=\"color: #008000; text-decoration: underline;\">*ET EN VERSION E-BOOK&#8230;<\/span><\/a><\/span><\/strong><\/span><\/h2>\n<h2><a title=\"parislibrairies\" href=\"http:\/\/www.parislibrairies.fr\/detaillivre.php?gencod=9782246699897\" target=\"_blank\" rel=\"noopener\">*<strong>ET ENCORE&#8230;<\/strong><\/a><\/h2>\n<\/blockquote>\n<p><strong><strong><strong><strong><strong><img loading=\"lazy\" decoding=\"async\" class=\".right { float: right; }\" title=\"vert481.gif\" src=\"http:\/\/www.claude-arnaud.com\/wp-content\/img\/ico\/vert481.gif\" alt=\"vert481.gif\" width=\"477\" height=\"2\" border=\"0\" \/><\/strong><\/strong><\/strong><\/strong><\/strong><\/p>\n<h2><strong> <strong><strong><strong> <strong><br \/>\n<\/strong><span style=\"text-decoration: underline;\"><span style=\"color: #008000;\">*EN POCHE<br \/>\n<\/span><\/span><\/strong><\/strong><\/strong><\/strong><\/h2>\n<blockquote>\n<h6><strong> <a href=\"https:\/\/www.claude-arnaud.com\/fr\/wp-content\/uploads\/2021\/04\/Qui-dit-je-en-nous-.jpg\"><img loading=\"lazy\" decoding=\"async\" class=\"alignleft size-medium wp-image-13150\" src=\"https:\/\/www.claude-arnaud.com\/fr\/wp-content\/uploads\/2021\/04\/Qui-dit-je-en-nous--300x300.jpg\" alt=\"\" width=\"300\" height=\"300\" srcset=\"https:\/\/www.claude-arnaud.com\/fr\/wp-content\/uploads\/2021\/04\/Qui-dit-je-en-nous--300x300.jpg 300w, https:\/\/www.claude-arnaud.com\/fr\/wp-content\/uploads\/2021\/04\/Qui-dit-je-en-nous--150x150.jpg 150w, https:\/\/www.claude-arnaud.com\/fr\/wp-content\/uploads\/2021\/04\/Qui-dit-je-en-nous-.jpg 340w\" sizes=\"auto, (max-width: 300px) 100vw, 300px\" \/><\/a>Ce livre est pass\u00e9 e<\/strong><strong><strong><strong><strong><strong>n format poche <span style=\"color: #008000;\">dans la collection <strong>Hachette\/PLURIEL<\/strong><\/span> en juin 2008.\u00a0<\/strong><\/strong><\/strong><\/strong><\/strong><\/h6>\n<\/blockquote>\n<h6><strong> <span style=\"color: #008000;\"><a title=\"Fnac\" href=\"http:\/\/livre.fnac.com\/a2229089\/Claude-Arnaud-Qui-dit-je-en-nous\" target=\"_blank\" rel=\"noopener\"><span style=\"color: #008000;\">*POUR TROUVER CE LIVRE EN POCHE&#8230;<\/span><\/a><\/span><\/strong><\/h6>\n<h6><strong><strong><strong><strong><strong><!--more-->Droits pour l\u2019\u00e9tranger \/ Foreign rights : <span style=\"color: #008000;\">Mme Heidi Warneke<\/span>. Editions Grasset. E-mail : <a href=\"mailto:hwarneke@grasset.fr\" target=\"_blank\" rel=\"noopener\">hwarneke@grasset.fr<\/a><\/strong><\/strong><\/strong><\/strong><\/strong><\/h6>\n","protected":false},"excerpt":{"rendered":"<p>\u00a0 QUI DIT JE EN NOUS?, LE PREMIER ESSAI DE CLAUDE ARNAUD, A ETE PUBLIE EN SEPTEMBRE 2006 PAR LES EDITIONS GRASSET DANS LEUR COLLECTION BLEUE *EN GUISE D&rsquo;INTRODUCTION \u00a0\u00ab\u00a0 Qu\u2019est-ce qui relie Erich von Stroheim, cet \u00ab aristocrate \u00bb viennois dont les films imp\u00e9riaux et les mensonges r\u00e9p\u00e9t\u00e9s r\u00e9ussirent \u00e0 occulter le couple de [&hellip;]<\/p>\n","protected":false},"author":2,"featured_media":0,"parent":46,"menu_order":0,"comment_status":"open","ping_status":"open","template":"","meta":{"footnotes":""},"class_list":["post-1154","page","type-page","status-publish","hentry","count-0","even alt","author-claude-arnaud","last"],"post_mailing_queue_ids":[],"_links":{"self":[{"href":"https:\/\/www.claude-arnaud.com\/fr\/wp-json\/wp\/v2\/pages\/1154","targetHints":{"allow":["GET"]}}],"collection":[{"href":"https:\/\/www.claude-arnaud.com\/fr\/wp-json\/wp\/v2\/pages"}],"about":[{"href":"https:\/\/www.claude-arnaud.com\/fr\/wp-json\/wp\/v2\/types\/page"}],"author":[{"embeddable":true,"href":"https:\/\/www.claude-arnaud.com\/fr\/wp-json\/wp\/v2\/users\/2"}],"replies":[{"embeddable":true,"href":"https:\/\/www.claude-arnaud.com\/fr\/wp-json\/wp\/v2\/comments?post=1154"}],"version-history":[{"count":53,"href":"https:\/\/www.claude-arnaud.com\/fr\/wp-json\/wp\/v2\/pages\/1154\/revisions"}],"predecessor-version":[{"id":16554,"href":"https:\/\/www.claude-arnaud.com\/fr\/wp-json\/wp\/v2\/pages\/1154\/revisions\/16554"}],"up":[{"embeddable":true,"href":"https:\/\/www.claude-arnaud.com\/fr\/wp-json\/wp\/v2\/pages\/46"}],"wp:attachment":[{"href":"https:\/\/www.claude-arnaud.com\/fr\/wp-json\/wp\/v2\/media?parent=1154"}],"curies":[{"name":"wp","href":"https:\/\/api.w.org\/{rel}","templated":true}]}}