{"id":11350,"date":"2021-01-26T16:43:33","date_gmt":"2021-01-26T15:43:33","guid":{"rendered":"http:\/\/www.claude-arnaud.com\/fr\/?page_id=11350"},"modified":"2023-02-18T12:09:51","modified_gmt":"2023-02-18T11:09:51","slug":"le-mal-des-ruines-a-letranger-abroad","status":"publish","type":"page","link":"https:\/\/www.claude-arnaud.com\/fr\/romans\/le-mal-des-ruines\/le-mal-des-ruines-a-letranger-abroad","title":{"rendered":"Le mal des ruines : abroad\/\u00e0 l&rsquo;\u00e9tranger"},"content":{"rendered":"<p><img loading=\"lazy\" decoding=\"async\" class=\"alignleft size-medium wp-image-10576\" src=\"http:\/\/www.claude-arnaud.com\/fr\/wp-content\/uploads\/2021\/01\/9782246862666-001-T-190x300.jpeg\" alt=\"\" width=\"190\" height=\"300\" srcset=\"https:\/\/www.claude-arnaud.com\/fr\/wp-content\/uploads\/2021\/01\/9782246862666-001-T-190x300.jpeg 190w, https:\/\/www.claude-arnaud.com\/fr\/wp-content\/uploads\/2021\/01\/9782246862666-001-T.jpeg 600w\" sizes=\"auto, (max-width: 190px) 100vw, 190px\" \/><\/p>\n<h2><span style=\"color: #008000;\"><img loading=\"lazy\" decoding=\"async\" class=\"alignleft  wp-image-10871\" src=\"http:\/\/www.claude-arnaud.com\/fr\/wp-content\/uploads\/2021\/01\/Drapeau-belge-300x201.jpg\" alt=\"\" width=\"146\" height=\"98\" srcset=\"https:\/\/www.claude-arnaud.com\/fr\/wp-content\/uploads\/2021\/01\/Drapeau-belge-300x201.jpg 300w, https:\/\/www.claude-arnaud.com\/fr\/wp-content\/uploads\/2021\/01\/Drapeau-belge.jpg 492w\" sizes=\"auto, (max-width: 146px) 100vw, 146px\" \/><\/span><\/h2>\n<h6><strong>*Foreign rights<\/strong> : <strong>Heidi Warneke, Grasset editor<\/strong>.<\/h6>\n<h6>Ph: <strong>0033 144392212<\/strong><\/h6>\n<h6>E-mail : <a href=\"mailto:hwarneke@grasset.fr\" target=\"_blank\" rel=\"noopener\">hwarneke@grasset.fr<\/a><\/h6>\n<h2><span style=\"color: #008000;\">*EN BELGIQUE<\/span><\/h2>\n<h6><img loading=\"lazy\" decoding=\"async\" class=\"alignleft  wp-image-12764\" src=\"http:\/\/www.claude-arnaud.com\/fr\/wp-content\/uploads\/2021\/02\/220px-LEcho_logo.svg_.png\" sizes=\"auto, (max-width: 152px) 100vw, 152px\" srcset=\"http:\/\/www.claude-arnaud.com\/fr\/wp-content\/uploads\/2021\/02\/220px-LEcho_logo.svg_.png 220w, http:\/\/www.claude-arnaud.com\/fr\/wp-content\/uploads\/2021\/02\/220px-LEcho_logo.svg_-150x150.png 150w\" alt=\"\" width=\"152\" height=\"152\" \/>CE <span style=\"color: #008000;\">SAMEDI 27 F\u00c9VRIER 2021<\/span>, DANS LE QUOTIDIEN BELGE <strong><em>L\u2019ECHO<\/em><\/strong>, <strong><span style=\"color: #008000;\">JOHAN-FR\u00c9D\u00c9RIK HEL-GUEDJ<\/span><\/strong> \u00c9CRIT: <strong>CLAUDE ARNAUD<\/strong> S\u2019ATTACHE \u00c0 L\u2019<strong>EXERCICE QUASI-MONACAL D<\/strong>\u2019\u00c9CRIRE \u00abAVEC SON PROPRE SANG\u00bb, SELON LA FORMULE NIETZSCH\u00c9ENNE EN EXERGUE DE SON NOUVEL OPUS. <span style=\"color: #008000;\">IL APPELAIT LE BUREAU O\u00d9 IL S\u2019ENFERMAIT POUR \u00c9CRIRE, DE PLAIN-PIED SUR LA RUE PARISIENNE, SA \u00abGROTTE\u00bb<\/span>. D\u2019EMBL\u00c9E, AVOUE-T-IL, \u00abIL M\u2019ARRIVE ENCORE DE ME DEMANDER QUI JE SUIS\u00bb, MAIS CROIT SAVOIR D\u2019O\u00d9 IL VIENT. <strong>CET AILLEURS, <\/strong><span style=\"color: #008000;\">LA CORSE DE SA M\u00c8RE, MARIE-PAULE BENEDETTA<\/span>,<strong> C\u2019EST LE \u00abFANT\u00d4ME\u00bb DE SON ORIGINE<\/strong>\u2026 POUR LIRE LA <a href=\"https:\/\/www.lecho.be\/culture\/litterature\/la-corse-l-insularite-mentale-de-claude-arnaud\/10287544.html\" target=\"_blank\" rel=\"noopener\">SUITE DE CET ARTICLE<\/a>\u2026<\/h6>\n<h6>\u00ab\u00a0BRILLANT BIOGRAPHE DE COCTEAU, <span style=\"color: #008000;\">CLAUDE ARNAUD<\/span> EST AUSSI L\u2019AUTEUR D\u2019UNE OEUVRE<img loading=\"lazy\" decoding=\"async\" class=\"alignright  wp-image-3897\" src=\"http:\/\/www.claude-arnaud.com\/fr\/wp-content\/uploads\/2013\/07\/Logo-Libre-Belgique.jpg\" sizes=\"auto, (max-width: 262px) 100vw, 262px\" srcset=\"http:\/\/www.claude-arnaud.com\/fr\/wp-content\/uploads\/2013\/07\/Logo-Libre-Belgique.jpg 389w, http:\/\/www.claude-arnaud.com\/fr\/wp-content\/uploads\/2013\/07\/Logo-Libre-Belgique-300x99.jpg 300w\" alt=\"\" width=\"262\" height=\"87\" \/> AUTOBIOGRAPHIQUE\u2026 (<em><strong>JE NE VOULAIS PAS \u00caTRE MOI<\/strong><\/em>, GRASSET, 2016), \u00c9CRIT <span style=\"color: #008000;\">JACQUES FRANK<\/span> DANS ARTS LIBRES, LE SUPPL\u00c9MENT CULTUREL HEBDOMADAIRE DE <strong><em>LA LIBRE BELGIQUE<\/em><\/strong> DU 27 JANVIER.<span style=\"color: #008000;\"> SES PARENTS, LA MORT TRAGIQUE DE SES DEUX FR\u00c8RES A\u00ceN\u00c9S, SON PASSAGE DE L\u2019AMOUR DES HOMMES \u00c0 CELUI D\u2019UNE \u201cFEMME SOLAIRE\u201d,<\/span> ONT FAIT L\u2019OBJET DE R\u00c9CITS CIRCONSTANCI\u00c9S. CETTE FOIS, IL REVIENT SUR SES VACANCES D\u2019ENFANT CHEZ SES GRANDS-PARENTS EN CORSE, O\u00d9 SA FAMILLE MATERNELLE, LES <strong>ZUCCARELLI<\/strong>, A TENU LONGTEMPS <span style=\"color: #008000;\">LA MAIRIE DE BASTIA<\/span>. IL S\u2019INTERROGE ENSUITE SUR LES TRANSFORMATIONS DE L\u2019ILE, SUR LES MEN\u00c9ES IND\u00c9PENDANTISTES DES UNS, MAFIEUSES DES AUTRES. <span style=\"color: #008000;\">POUR LES FID\u00c8LES DE L\u2019AUTEUR ET LES AMOUREUX DE L\u2019\u00ceLE DE BEAUT\u00c9&#8230;\u00a0\u00bb<\/span>\u00a0<\/h6>\n<p><strong><a href=\"https:\/\/www.claude-arnaud.com\/fr\/wp-content\/uploads\/2022\/02\/langfr-225px-Flag_of_Belgium.svg_.png\"><img loading=\"lazy\" decoding=\"async\" class=\"alignleft  wp-image-13999\" src=\"https:\/\/www.claude-arnaud.com\/fr\/wp-content\/uploads\/2022\/02\/langfr-225px-Flag_of_Belgium.svg_.png\" alt=\"\" width=\"62\" height=\"53\" \/><\/a>Pour trouver ce livre <a href=\"https:\/\/www.filigranes.be\/le-mal-des-ruines\" target=\"_blank\" rel=\"noopener\">en Belgique<\/a>.<a href=\"https:\/\/www.claude-arnaud.com\/fr\/wp-content\/uploads\/2013\/03\/drapeau-suisse-carre\u0301-150x150.png\"><img loading=\"lazy\" decoding=\"async\" class=\"alignright  wp-image-4151\" src=\"https:\/\/www.claude-arnaud.com\/fr\/wp-content\/uploads\/2013\/03\/drapeau-suisse-carre\u0301-150x150.png\" alt=\"\" width=\"76\" height=\"76\" srcset=\"https:\/\/www.claude-arnaud.com\/fr\/wp-content\/uploads\/2013\/03\/drapeau-suisse-carre\u0301-150x150.png 150w, https:\/\/www.claude-arnaud.com\/fr\/wp-content\/uploads\/2013\/03\/drapeau-suisse-carre\u0301-150x150-48x48.png 48w\" sizes=\"auto, (max-width: 76px) 100vw, 76px\" \/><\/a>..\u00a0\u00a0\u00a0\u00a0\u00a0\u00a0\u00a0\u00a0\u00a0\u00a0\u00a0\u00a0\u00a0\u00a0\u00a0\u00a0\u00a0 et en <a href=\"https:\/\/milleetdeuxfeuilles.ch\/ger\/Laender\/Noerdliche-Mittelmeerkueste\/Frankreich\/Alle-Artikel-zu-Frankreich\/Seiteninhalt-Alle-Artikel-zu-Frankreich\/Alle-Artikel-zu-Frankreich\/Le-mal-des-ruines\" target=\"_blank\" rel=\"noopener\">Suisse allemande<\/a>&#8230;<br \/><\/strong><\/p>\n<p><strong>*<a href=\"https:\/\/www.claude-arnaud.com\/fr\/wp-content\/uploads\/2022\/02\/langfr-225px-Flag_of_Portugal.svg_.png\"><img loading=\"lazy\" decoding=\"async\" class=\"alignleft  wp-image-14000\" src=\"https:\/\/www.claude-arnaud.com\/fr\/wp-content\/uploads\/2022\/02\/langfr-225px-Flag_of_Portugal.svg_.png\" alt=\"\" width=\"75\" height=\"50\" \/><\/a>Au Portugal, <a href=\"https:\/\/www.wook.pt\/livro\/le-mal-des-ruines-claude-arnaud\/24634626\" target=\"_blank\" rel=\"noopener\">via Wook<\/a>&#8230;<\/strong><\/p>\n<p><a href=\"https:\/\/www.claude-arnaud.com\/fr\/wp-content\/uploads\/2013\/11\/langfr-225px-Flag_of_Tunisia.svg_.png\"><img loading=\"lazy\" decoding=\"async\" class=\"alignleft  wp-image-5714\" src=\"https:\/\/www.claude-arnaud.com\/fr\/wp-content\/uploads\/2013\/11\/langfr-225px-Flag_of_Tunisia.svg_.png\" alt=\"\" width=\"87\" height=\"58\" \/><\/a>*<strong>En TUNISIE,<a href=\"https:\/\/www.alkitab.tn\/listeliv.php?base=&amp;form_recherche_avancee=ok&amp;auteurs=Claude%20Arnaud\" target=\"_blank\" rel=\"noopener\"> via la librairie Al Kitab<\/a><\/strong>&#8230;<\/p>\n<p><strong>*<a href=\"https:\/\/www.claude-arnaud.com\/fr\/wp-content\/uploads\/2022\/02\/langfr-225px-Flag_of_Norway.svg_.png\"><img loading=\"lazy\" decoding=\"async\" class=\"alignleft  wp-image-14028\" src=\"https:\/\/www.claude-arnaud.com\/fr\/wp-content\/uploads\/2022\/02\/langfr-225px-Flag_of_Norway.svg_.png\" alt=\"\" width=\"85\" height=\"62\" \/><\/a>En Norv\u00e8ge via <a href=\"https:\/\/www.kobo.com\/no\/nb\/ebook\/le-mal-des-ruines\" target=\"_blank\" rel=\"noopener\">Rakuten<\/a><\/strong>&#8230;<\/p>\n<p><strong>*<a href=\"https:\/\/www.claude-arnaud.com\/fr\/wp-content\/uploads\/2022\/02\/langfr-225px-Flag_of_Canada_Pantone.svg_.png\"><img loading=\"lazy\" decoding=\"async\" class=\"alignleft  wp-image-14001\" src=\"https:\/\/www.claude-arnaud.com\/fr\/wp-content\/uploads\/2022\/02\/langfr-225px-Flag_of_Canada_Pantone.svg_.png\" alt=\"\" width=\"131\" height=\"66\" \/><\/a>Au Canada, \u00e0 travers <a href=\"https:\/\/www.gallimardmontreal.com\/catalogue\/livre\/mal-des-ruines-le-arnaud-claude-9782246862666\" target=\"_blank\" rel=\"noopener\">la librairie Gallimard de Montr\u00e9al<\/a>&#8230; et via <a href=\"https:\/\/www.amazon.ca\/Mal-ruines-Claude-Arnaud\/dp\/2246862663\" target=\"_blank\" rel=\"noopener\">AMAZON (Kindle + Papier)<\/a><br \/><\/strong><\/p>\n<p><a href=\"https:\/\/www.kobo.com\/au\/en\/ebook\/le-mal-des-ruines\" target=\"_blank\" rel=\"noopener\"><strong>*<\/strong><\/a><strong><a href=\"https:\/\/www.claude-arnaud.com\/fr\/wp-content\/uploads\/2022\/02\/langfr-225px-Flag_of_Australia_converted.svg_.png\"><img loading=\"lazy\" decoding=\"async\" class=\"aligncenter  wp-image-14029\" src=\"https:\/\/www.claude-arnaud.com\/fr\/wp-content\/uploads\/2022\/02\/langfr-225px-Flag_of_Australia_converted.svg_.png\" alt=\"\" width=\"119\" height=\"60\" \/><\/a>En Australie<\/strong>&#8230;<\/p>\n<p><strong><a href=\"https:\/\/product.rakuten.co.jp\/product\/-\/e38f4af4288cc81caf01e32b3f01e510\/\" target=\"_blank\" rel=\"noopener\">*<\/a><a href=\"https:\/\/www.claude-arnaud.com\/fr\/wp-content\/uploads\/2022\/02\/800px-Flag_of_Japan.svg_.png\"><img loading=\"lazy\" decoding=\"async\" class=\"alignleft  wp-image-14030\" src=\"https:\/\/www.claude-arnaud.com\/fr\/wp-content\/uploads\/2022\/02\/800px-Flag_of_Japan.svg_-300x200.png\" alt=\"\" width=\"95\" height=\"63\" srcset=\"https:\/\/www.claude-arnaud.com\/fr\/wp-content\/uploads\/2022\/02\/800px-Flag_of_Japan.svg_-300x200.png 300w, https:\/\/www.claude-arnaud.com\/fr\/wp-content\/uploads\/2022\/02\/800px-Flag_of_Japan.svg_-768x512.png 768w, https:\/\/www.claude-arnaud.com\/fr\/wp-content\/uploads\/2022\/02\/800px-Flag_of_Japan.svg_.png 800w\" sizes=\"auto, (max-width: 95px) 100vw, 95px\" \/><\/a><a href=\"https:\/\/product.rakuten.co.jp\/product\/-\/e38f4af4288cc81caf01e32b3f01e510\/\" target=\"_blank\" rel=\"noopener\">Et au Japon&#8230; <\/a><\/strong>\u00a0 <a href=\"https:\/\/www.kinokuniya.co.jp\/f\/dsg-02-9782246862666\" target=\"_blank\" rel=\"noopener\">ou encore.<\/a>..<\/p>\n\n\n<p><\/p>\n","protected":false},"excerpt":{"rendered":"<p>*Foreign rights : Heidi Warneke, Grasset editor. Ph: 0033 144392212 E-mail : hwarneke@grasset.fr *EN BELGIQUE CE SAMEDI 27 F\u00c9VRIER 2021, DANS LE QUOTIDIEN BELGE L\u2019ECHO, JOHAN-FR\u00c9D\u00c9RIK HEL-GUEDJ \u00c9CRIT: CLAUDE ARNAUD S\u2019ATTACHE \u00c0 L\u2019EXERCICE QUASI-MONACAL D\u2019\u00c9CRIRE \u00abAVEC SON PROPRE SANG\u00bb, SELON LA FORMULE NIETZSCH\u00c9ENNE EN EXERGUE DE SON NOUVEL OPUS. IL APPELAIT LE BUREAU O\u00d9 IL [&hellip;]<\/p>\n","protected":false},"author":2,"featured_media":0,"parent":11320,"menu_order":2,"comment_status":"closed","ping_status":"closed","template":"","meta":{"footnotes":""},"class_list":["post-11350","page","type-page","status-publish","hentry","count-0","even alt","author-claude-arnaud","last"],"post_mailing_queue_ids":[],"_links":{"self":[{"href":"https:\/\/www.claude-arnaud.com\/fr\/wp-json\/wp\/v2\/pages\/11350","targetHints":{"allow":["GET"]}}],"collection":[{"href":"https:\/\/www.claude-arnaud.com\/fr\/wp-json\/wp\/v2\/pages"}],"about":[{"href":"https:\/\/www.claude-arnaud.com\/fr\/wp-json\/wp\/v2\/types\/page"}],"author":[{"embeddable":true,"href":"https:\/\/www.claude-arnaud.com\/fr\/wp-json\/wp\/v2\/users\/2"}],"replies":[{"embeddable":true,"href":"https:\/\/www.claude-arnaud.com\/fr\/wp-json\/wp\/v2\/comments?post=11350"}],"version-history":[{"count":23,"href":"https:\/\/www.claude-arnaud.com\/fr\/wp-json\/wp\/v2\/pages\/11350\/revisions"}],"predecessor-version":[{"id":14976,"href":"https:\/\/www.claude-arnaud.com\/fr\/wp-json\/wp\/v2\/pages\/11350\/revisions\/14976"}],"up":[{"embeddable":true,"href":"https:\/\/www.claude-arnaud.com\/fr\/wp-json\/wp\/v2\/pages\/11320"}],"wp:attachment":[{"href":"https:\/\/www.claude-arnaud.com\/fr\/wp-json\/wp\/v2\/media?parent=11350"}],"curies":[{"name":"wp","href":"https:\/\/api.w.org\/{rel}","templated":true}]}}