{"id":11323,"date":"2021-01-26T13:42:38","date_gmt":"2021-01-26T12:42:38","guid":{"rendered":"http:\/\/www.claude-arnaud.com\/fr\/?page_id=11323"},"modified":"2022-06-04T19:39:47","modified_gmt":"2022-06-04T18:39:47","slug":"le-mal-des-ruines-la-quatrieme-de-couverture","status":"publish","type":"page","link":"https:\/\/www.claude-arnaud.com\/fr\/romans\/le-mal-des-ruines\/le-mal-des-ruines-la-quatrieme-de-couverture","title":{"rendered":"Le mal des ruines : la quatri\u00e8me de couverture"},"content":{"rendered":"<h6><em>\u00ab&nbsp; <span style=\"color: #008000;\"><strong>Il m\u2019arrive encore de me demander qui je suis, apr\u00e8s tant d\u2019ann\u00e9es, mais je sais bien d\u2019o\u00f9 je viens. Il me suffit d\u2019attraper un avion \u00e0 Orly et de retrouver une heure et demie plus tard la Corse pour avoir la certitude de toucher \u00e0 mes origines. <span style=\"color: #000000;\">Comme si cette \u00eele m\u2019avait d\u00e9fini avant m\u00eame que je ne me soucie de le faire.<\/span><\/strong><\/span>&nbsp; \u00bb<\/em><\/h6>\n<h6><img loading=\"lazy\" decoding=\"async\" class=\"alignleft  wp-image-10576\" src=\"http:\/\/www.claude-arnaud.com\/fr\/wp-content\/uploads\/2021\/01\/9782246862666-001-T.jpeg\" alt=\"\" width=\"291\" height=\"460\" srcset=\"https:\/\/www.claude-arnaud.com\/fr\/wp-content\/uploads\/2021\/01\/9782246862666-001-T.jpeg 600w, https:\/\/www.claude-arnaud.com\/fr\/wp-content\/uploads\/2021\/01\/9782246862666-001-T-190x300.jpeg 190w\" sizes=\"auto, (max-width: 291px) 100vw, 291px\" \/>\u00ab\u00a0Pour beaucoup, \u00ab&nbsp; le pays de l\u2019enfance&nbsp; \u00bb est un monde fait de souvenirs id\u00e9alis\u00e9s. Pour <span style=\"color: #008000;\"><strong>Claude ARNAUD<\/strong><\/span>, descendant des <strong>ZUCCARELLI<\/strong>, une famille qui tint longtemps la mairie de<strong><span style=\"color: #008000;\"> BASTIA<\/span><\/strong> et celle de <strong>SANTA-LUCIA-DI-MERCURIO<\/strong>, petit village nich\u00e9 entre deux lignes cr\u00eates, c\u2019est <span style=\"color: #008000;\"><strong>une terre bien r\u00e9elle o\u00f9 il passa ses premiers \u00e9t\u00e9s et revient d\u00e8s qu\u2019il peut<\/strong><\/span>. Un Eden o\u00f9 la nature d\u00e9ploie encore ses merveilles, hautes montagnes \u00e0 pic, maquis aux parfums envo\u00fbtants, vall\u00e9es de solitude et villages intouch\u00e9s. <strong><span style=\"color: #008000;\">Mais une origine suffit-elle \u00e0 d\u00e9finir une identit\u00e9&nbsp;<\/span> ?<\/strong> Que faire quand son paradis se change en enfer o\u00f9 les maisons des siens c\u00e8dent sous les bombes, o\u00f9 l\u2019un de ses fr\u00e8res va se noyer, et o\u00f9 un corps sans t\u00eate est retrouv\u00e9 dans son village m\u00eame&nbsp; ? <strong><span style=\"color: #008000;\">Qu\u2019est-ce qu\u2019une terre dit de soi&nbsp; ? Et que faire d\u2019une \u00eele aussi belle que mortelle&nbsp; ?<\/span><\/strong><br \/>\nDans cet \u00e9poustouflant road trip \u00e0 travers les routes sinueuses de la Corse, <strong>Claude ARNAUD<\/strong> retrace l\u2019histoire de sa famille, <span style=\"color: #008000;\"><strong>revisite les morts et les vivants,<\/strong><\/span> revient sur&nbsp; l\u2019\u00e9nigme de ce meurtre survenu en 2005 (<strong>une partie de poker qui tourne mal, <span style=\"color: #008000;\">un corps jet\u00e9 aux cochons<\/span>, une t\u00eate enfouie sous 700 kilos de gravats et <span style=\"color: #008000;\">les secrets de l\u2019\u00eele<\/span> qui ressurgissent<\/strong>). A jamais marqu\u00e9 par cet ailleurs qui est en lui, <strong><span style=\"color: #008000;\">il fait le portrait de cette \u00eele souvent fantasm\u00e9e, toujours myst\u00e9rieuse<\/span><\/strong>. <strong>Une \u00e9blouissante travers\u00e9e\u00a0\u00bb<\/strong>.<\/h6>\n","protected":false},"excerpt":{"rendered":"<p>\u00ab&nbsp; Il m\u2019arrive encore de me demander qui je suis, apr\u00e8s tant d\u2019ann\u00e9es, mais je sais bien d\u2019o\u00f9 je viens. Il me suffit d\u2019attraper un avion \u00e0 Orly et de retrouver une heure et demie plus tard la Corse pour avoir la certitude de toucher \u00e0 mes origines. Comme si cette \u00eele m\u2019avait d\u00e9fini avant [&hellip;]<\/p>\n","protected":false},"author":2,"featured_media":0,"parent":11320,"menu_order":0,"comment_status":"closed","ping_status":"closed","template":"","meta":{"footnotes":""},"class_list":["post-11323","page","type-page","status-publish","hentry","count-0","even alt","author-claude-arnaud","last"],"post_mailing_queue_ids":[],"_links":{"self":[{"href":"https:\/\/www.claude-arnaud.com\/fr\/wp-json\/wp\/v2\/pages\/11323","targetHints":{"allow":["GET"]}}],"collection":[{"href":"https:\/\/www.claude-arnaud.com\/fr\/wp-json\/wp\/v2\/pages"}],"about":[{"href":"https:\/\/www.claude-arnaud.com\/fr\/wp-json\/wp\/v2\/types\/page"}],"author":[{"embeddable":true,"href":"https:\/\/www.claude-arnaud.com\/fr\/wp-json\/wp\/v2\/users\/2"}],"replies":[{"embeddable":true,"href":"https:\/\/www.claude-arnaud.com\/fr\/wp-json\/wp\/v2\/comments?post=11323"}],"version-history":[{"count":9,"href":"https:\/\/www.claude-arnaud.com\/fr\/wp-json\/wp\/v2\/pages\/11323\/revisions"}],"predecessor-version":[{"id":14290,"href":"https:\/\/www.claude-arnaud.com\/fr\/wp-json\/wp\/v2\/pages\/11323\/revisions\/14290"}],"up":[{"embeddable":true,"href":"https:\/\/www.claude-arnaud.com\/fr\/wp-json\/wp\/v2\/pages\/11320"}],"wp:attachment":[{"href":"https:\/\/www.claude-arnaud.com\/fr\/wp-json\/wp\/v2\/media?parent=11323"}],"curies":[{"name":"wp","href":"https:\/\/api.w.org\/{rel}","templated":true}]}}