{"id":11320,"date":"2021-01-26T13:27:02","date_gmt":"2021-01-26T12:27:02","guid":{"rendered":"http:\/\/www.claude-arnaud.com\/fr\/?page_id=11320"},"modified":"2022-06-04T19:39:21","modified_gmt":"2022-06-04T18:39:21","slug":"le-mal-des-ruines","status":"publish","type":"page","link":"https:\/\/www.claude-arnaud.com\/fr\/romans\/le-mal-des-ruines","title":{"rendered":"Le mal des ruines"},"content":{"rendered":"<p><img loading=\"lazy\" decoding=\"async\" class=\"alignleft size-medium wp-image-10576\" src=\"http:\/\/www.claude-arnaud.com\/fr\/wp-content\/uploads\/2021\/01\/9782246862666-001-T-190x300.jpeg\" alt=\"\" width=\"190\" height=\"300\" srcset=\"https:\/\/www.claude-arnaud.com\/fr\/wp-content\/uploads\/2021\/01\/9782246862666-001-T-190x300.jpeg 190w, https:\/\/www.claude-arnaud.com\/fr\/wp-content\/uploads\/2021\/01\/9782246862666-001-T.jpeg 600w\" sizes=\"auto, (max-width: 190px) 100vw, 190px\" \/><em><strong>Le mal des ruines<\/strong><\/em> est sorti aux \u00e9ditions GRASSET<strong> le 13 janvier 2021<\/strong>. Dans ce r\u00e9cit bref et tranchant,<span style=\"color: #008000;\"> <strong>CLAUDE ARNAUD<\/strong><\/span> revient sur une histoire familiale tour \u00e0 tour joyeuse et tragique en partie d\u00e9voil\u00e9e dans\u00a0<b> <\/b><strong><span style=\"color: #008000;\"><em>QU\u2019AS-TU FAIT DE TES FRERES ?<\/em> <\/span><\/strong>, mais qu\u2019il regarde cette fois depuis la <strong>CORSE<\/strong>, l\u2019\u00eele de sa m\u00e8re, <strong>un des derniers lieux <span style=\"color: #008000;\">myst\u00e9rieux<\/span> d\u2019Europe. Il<\/strong> <strong>tend \u00e0 en rendre<\/strong> <strong>la fascination<\/strong> \u00e0 travers <span style=\"color: #008000;\"><strong>son paysage incomparable<\/strong><\/span>, mais aussi <strong>l\u2019histoire violente qu\u2019elle a travers\u00e9e,<\/strong> <strong>ces 40 derni\u00e8res ann\u00e9es<\/strong>. <a href=\"https:\/\/www.grasset.fr\/livres\/le-mal-des-ruines-9782246862666\" target=\"_blank\" rel=\"noopener\">Pour d\u00e9couvrir l\u2019argumentaire de ce livre, lire un extrait ou le commander<\/a>\u2026<\/p>\n<p><a href=\"https:\/\/www.hachette.fr\/livre\/le-mal-des-ruines-9782246862666\" target=\"_blank\" rel=\"noopener\">Ou encore<\/a>&#8230;<\/p>\n","protected":false},"excerpt":{"rendered":"<p>Le mal des ruines est sorti aux \u00e9ditions GRASSET le 13 janvier 2021. Dans ce r\u00e9cit bref et tranchant, CLAUDE ARNAUD revient sur une histoire familiale tour \u00e0 tour joyeuse et tragique en partie d\u00e9voil\u00e9e dans\u00a0 QU\u2019AS-TU FAIT DE TES FRERES ? , mais qu\u2019il regarde cette fois depuis la CORSE, l\u2019\u00eele de sa m\u00e8re, [&hellip;]<\/p>\n","protected":false},"author":2,"featured_media":0,"parent":66,"menu_order":6,"comment_status":"closed","ping_status":"closed","template":"","meta":{"footnotes":""},"class_list":["post-11320","page","type-page","status-publish","hentry","count-0","even alt","author-claude-arnaud","last"],"post_mailing_queue_ids":[],"_links":{"self":[{"href":"https:\/\/www.claude-arnaud.com\/fr\/wp-json\/wp\/v2\/pages\/11320","targetHints":{"allow":["GET"]}}],"collection":[{"href":"https:\/\/www.claude-arnaud.com\/fr\/wp-json\/wp\/v2\/pages"}],"about":[{"href":"https:\/\/www.claude-arnaud.com\/fr\/wp-json\/wp\/v2\/types\/page"}],"author":[{"embeddable":true,"href":"https:\/\/www.claude-arnaud.com\/fr\/wp-json\/wp\/v2\/users\/2"}],"replies":[{"embeddable":true,"href":"https:\/\/www.claude-arnaud.com\/fr\/wp-json\/wp\/v2\/comments?post=11320"}],"version-history":[{"count":5,"href":"https:\/\/www.claude-arnaud.com\/fr\/wp-json\/wp\/v2\/pages\/11320\/revisions"}],"predecessor-version":[{"id":14289,"href":"https:\/\/www.claude-arnaud.com\/fr\/wp-json\/wp\/v2\/pages\/11320\/revisions\/14289"}],"up":[{"embeddable":true,"href":"https:\/\/www.claude-arnaud.com\/fr\/wp-json\/wp\/v2\/pages\/66"}],"wp:attachment":[{"href":"https:\/\/www.claude-arnaud.com\/fr\/wp-json\/wp\/v2\/media?parent=11320"}],"curies":[{"name":"wp","href":"https:\/\/api.w.org\/{rel}","templated":true}]}}