{"id":104,"date":"2009-05-26T20:52:12","date_gmt":"2009-05-26T18:52:12","guid":{"rendered":"http:\/\/www.claude-arnaud.com\/fr\/?page_id=104"},"modified":"2025-01-22T02:22:54","modified_gmt":"2025-01-22T01:22:54","slug":"les-salons-revue-de-presse-internationale","status":"publish","type":"page","link":"https:\/\/www.claude-arnaud.com\/fr\/les-salons\/les-salons-revue-de-presse-internationale","title":{"rendered":"Les Salons : abroad\/ \u00e0 l&rsquo;\u00e9tranger"},"content":{"rendered":"<h2><strong><img loading=\"lazy\" decoding=\"async\" class=\"alignleft  wp-image-3098\" src=\"http:\/\/www.claude-arnaud.com\/fr\/wp-content\/uploads\/2012\/06\/code-drapeau-americain-L-1-300x225.jpg\" alt=\"\" width=\"118\" height=\"89\" srcset=\"https:\/\/www.claude-arnaud.com\/fr\/wp-content\/uploads\/2012\/06\/code-drapeau-americain-L-1-300x225.jpg 300w, https:\/\/www.claude-arnaud.com\/fr\/wp-content\/uploads\/2012\/06\/code-drapeau-americain-L-1.jpg 320w\" sizes=\"auto, (max-width: 118px) 100vw, 118px\" \/>USA <\/strong><\/h2>\n<h6>*\u00ab Staged at the Th\u00e9\u00e2tre du Rond-Point, <strong>LES SALONS<\/strong> delighted the Paris theater audience <span style=\"color: #008000;\"><strong>during the 1986-87 season<\/strong><\/span>. The action takes place alternatively in the sitting room of <strong>Madame du Deffand<\/strong>, the leading literary hostess of eighteen-century Paris, and in that of her former prot\u00e9g\u00e9e turned rival, <strong>Julie de Lespinasse<\/strong>. Madame du Deffand\u2019s role was performed by the foremost french <em>com\u00e9dienne<\/em> of her age, <strong><span style=\"color: #008000;\">Madeleine Renaud<\/span><\/strong>. \u00bb <strong>George MAY, <em>The Yale Review<\/em>, VOL. 80 ; n\u00b04, Nov.1992.<\/strong><\/h6>\n<h6><a href=\"http:\/\/www.claude-arnaud.com\/fr\/wp-content\/uploads\/2013\/11\/255px-Flag_of_France.svg_-150x150.png\"><img loading=\"lazy\" decoding=\"async\" class=\"alignleft  wp-image-8937\" title=\"255px-Flag_of_France.svg_-150x150\" src=\"http:\/\/www.claude-arnaud.com\/fr\/wp-content\/uploads\/2013\/11\/255px-Flag_of_France.svg_-150x150.png\" alt=\"\" width=\"72\" height=\"72\" srcset=\"https:\/\/www.claude-arnaud.com\/fr\/wp-content\/uploads\/2013\/11\/255px-Flag_of_France.svg_-150x150.png 150w, https:\/\/www.claude-arnaud.com\/fr\/wp-content\/uploads\/2013\/11\/255px-Flag_of_France.svg_-150x150-48x48.png 48w\" sizes=\"auto, (max-width: 72px) 100vw, 72px\" \/><\/a>*\u00a0\u00bb<strong>Donn\u00e9s au TH\u00c9\u00c2TRE DU ROND-POINT<\/strong>,\u00a0<span style=\"color: #008000;\"><em><strong>LES SALONS<\/strong><\/em><\/span>\u00a0ont enchant\u00e9 le public PARIen\u00a0<strong>DURant la saison 1986-87<\/strong>. L&rsquo;aCTION se situe ALTERNATIVEment dans le salon de\u00a0<span style=\"color: #008000;\"><strong>MADAME DU DEFFAND<\/strong><\/span>, L&rsquo;H\u00f4TESSe litt\u00e9raire la plus connue du xviii\u00b0 si\u00e8cle, et celui de <strong><span style=\"color: #008000;\">son ancienne PROT\u00c9G\u00c9e<\/span><\/strong>, devenue sa RIVALe,\u00a0<strong>JULIE DE LESPINASSE<\/strong>. le r\u00f4le de MADAME DU DEFFAND \u00e9tait tenu par la\u00a0COM\u00c9DIENNE\u00a0la plus marquante de son temps,\u00a0<span style=\"color: #008000;\"><strong>MADELEINE RENAUD<\/strong><\/span>. \u00bb\u00a0<strong>GEORGE MAY, <em>THE YALE REVIEW<\/em>, VOL. 80 ; N\u00b04, NOV.1992.<\/strong><\/h6>\n<h6><a href=\"http:\/\/www.claude-arnaud.com\/fr\/wp-content\/uploads\/2017\/09\/drapeau-tunisie.jpg\" rel=\"group-3group-3group-3\"><img loading=\"lazy\" decoding=\"async\" title=\"drapeau-tunisie\" src=\"http:\/\/www.claude-arnaud.com\/fr\/wp-content\/uploads\/2017\/09\/drapeau-tunisie-150x150.jpg\" alt=\"\" width=\"91\" height=\"91\" \/><\/a><strong>*POUR TROUVER CETTE PIECE en<\/strong> <span style=\"color: #008000;\"><strong>tunisie<\/strong>, via la <\/span><a title=\"al kitab\" href=\"https:\/\/www.alkitab.tn\/listeliv.php?base=&amp;form_recherche_avancee=ok&amp;auteurs=Claude%20Arnaud\" target=\"_blank\" rel=\"noopener\">librairie Al kitab<\/a>\u2026<\/h6>\n<blockquote>\n<h2><strong><img loading=\"lazy\" decoding=\"async\" class=\"alignleft size-medium wp-image-7816\" src=\"http:\/\/www.claude-arnaud.com\/fr\/wp-content\/uploads\/2017\/05\/LaRepubblica_95-300x99.jpg\" alt=\"\" width=\"300\" height=\"99\" srcset=\"https:\/\/www.claude-arnaud.com\/fr\/wp-content\/uploads\/2017\/05\/LaRepubblica_95-300x99.jpg 300w, https:\/\/www.claude-arnaud.com\/fr\/wp-content\/uploads\/2017\/05\/LaRepubblica_95-1024x339.jpg 1024w, https:\/\/www.claude-arnaud.com\/fr\/wp-content\/uploads\/2017\/05\/LaRepubblica_95.jpg 1086w\" sizes=\"auto, (max-width: 300px) 100vw, 300px\" \/><\/strong><span style=\"color: #008000;\">ITALIA<\/span><\/h2>\n<h6>*\u00a0\u00bb<strong>Ed ora veniamo al miracolo<\/strong> <strong><span style=\"color: #339966;\">Madeleine Renaud<\/span><\/strong>. Acciambellata in fondo ad un\u2019immensa poltrona berg\u00e8re come un <strong>topolino novantenne<\/strong>, domina l\u2019intera rappresentazione(\u2026) <strong>Si resta sbalorditi, pietrificati<\/strong>\u2026<span style=\"color: #008000;\"><strong>Come puo un\u2019artista, i cui mezzi si sono largamente ridotti, riempire sottovoce e con un tono confidenziale lo spazio, et soggiogare une sala di mille persone che pendono dalle sue labbra ?<\/strong><\/span> &#8230;.<strong>Non ho ma\u00ef incontrato una simila qualita di ascolto in teatro<\/strong>.\u00bb <span style=\"color: #339966;\"><strong>Beno\u00eet ISORNI,<em> La Repubblica<\/em>, 6.01.1987. <\/strong><\/span><\/h6>\n<\/blockquote>\n<blockquote>\n<h6><strong><span style=\"color: #339966;\"><img loading=\"lazy\" decoding=\"async\" class=\"alignleft size-medium wp-image-12643\" src=\"http:\/\/www.claude-arnaud.com\/fr\/wp-content\/uploads\/2021\/02\/36629_400_90-166x300.jpg\" alt=\"\" width=\"166\" height=\"300\" srcset=\"https:\/\/www.claude-arnaud.com\/fr\/wp-content\/uploads\/2021\/02\/36629_400_90-166x300.jpg 166w, https:\/\/www.claude-arnaud.com\/fr\/wp-content\/uploads\/2021\/02\/36629_400_90.jpg 400w\" sizes=\"auto, (max-width: 166px) 100vw, 166px\" \/><\/span><span style=\"color: #ff0000;\"><span style=\"color: #008000;\">*Tradutti da<\/span> <span style=\"color: #339966;\"><a title=\"lien Benedetta Craveri\" href=\"http:\/\/www.zam.it\/home.php?id_autore=761\" target=\"_blank\" rel=\"noopener\">Benedetta CRAVERI<\/a><\/span><span style=\"color: #008000;\">, <em>LES SALONS<\/em> hanno stati pubblicati da Einaudi, nel 1990, sotto il titolo :<\/span> <span style=\"color: #000000;\"><em>SALOTTI<\/em><\/span>.<span style=\"color: #008000;\"> (Collezione di teatro, n\u00b0325). <\/span><\/span><\/strong><\/h6>\n<\/blockquote>\n<blockquote>\n<h6><span style=\"color: #008000;\">*<strong><span style=\"color: #333300;\">Tutto \u00e8 doppio in questa commedia<\/span><\/strong>, <strong>doppio e spectaculare<\/strong>, a cominciare dalle scena che presenta due salotti, <strong><span style=\"color: #333300;\">uno giallo oro e uno scarlatto, a finire con i due autori<\/span><\/strong> : <strong>Bernard MINORET<\/strong>, <span style=\"color: #333300;\">ultra sessantenne e<\/span> <strong>Claude ARNAUD<\/strong> <span style=\"color: #333300;\"><strong>di quella generazione ancora adolescente nel \u201968<\/strong><\/span>. <strong>Quasi une replica del binomio Deffand-Lespinasse.<\/strong>(\u2026) <strong><span style=\"color: #333300;\">Ma come in quei grandi puzzle dove ogni ordine \u00e8 stato fantasiosamente scomposto<\/span><\/strong> e poi ogni pezzo riportato con pazienza a ricomporre l&rsquo;immagine originaria, <strong><span style=\"color: #333300;\">le frasi si incastrono senza forzature<\/span>,<\/strong> scivolano al loro posto nel dialogo rimarginando tagli et fatture e ci restituiscono intatto quel <span style=\"color: #333300;\"><strong><em>naturel <\/em><\/strong><\/span>che era nel Settecento une scelta estietica (\u2026) L\u2019immagine \u00e8 un <strong>tableau vivant<\/strong> di grande effetto.\u00a0\u00bb <strong><span style=\"color: #333300;\">Rosetta LOY,<\/span> <em>Corriere della Serra<\/em>, <span style=\"color: #333300;\">1.06.1990.<\/span> (L&rsquo;edizione italiana ha il pregio di une decina di pagine introduttive di Benedetta CRAVERI, esempio di guida alla lettura)<br \/>\n<\/strong><\/span><\/h6>\n<\/blockquote>\n<blockquote>\n<h6><span style=\"color: #ff0000;\"><span style=\"color: #008000;\">*<span style=\"color: #333300;\">L&rsquo;\u00e9t\u00e0 d&rsquo;oro \u00e8 pero la Parigi settecentesca, e a riportarci nelle singolari atmosfere delle dimore gentilizie della Capitale<\/span>, con in pi\u00f9 il merito di suggerire spunti di starordinairia attualit\u00e0, \u00e9 une deliziosa pice teatrale dal titolo<\/span> <span style=\"color: #003300;\">SALOTTI.<\/span>.. <span style=\"color: #003300;\">Un magistrale dialogo<\/span> <span style=\"color: #008000;\">\u00bb <\/span><strong><span style=\"color: #008000;\">Fabio SCANDONE,<\/span> <em><span style=\"color: #003300;\">Il Mattino<\/span><\/em>, <span style=\"color: #008000;\">16.05.1990.<\/span><\/strong><\/span><\/h6>\n<h6><strong>\u00a0<\/strong><\/h6>\n<h6>*Un gioco verbale di fioretto che non a cas puo far sovvenir <span style=\"color: #008000;\"><strong>La notte e il momento<\/strong><\/span> di Crebillon fils\u00a0\u00bb.\u00a0 <strong>Rodolfo di Giammarco<\/strong>, <em><span style=\"color: #008000;\">La Repubblica<\/span><\/em>, 4.05.1989<\/h6>\n<h6><\/h6>\n<h6>*A Pariggi, <span style=\"color: #008000;\"><strong>Claude ARNAUD<\/strong> <\/span>(apprezzato biografo di Chamfort) e <span style=\"color: #003300;\">Bernard MINORET<\/span> (grande cultore del Settecento) hanno frantumato le stupende lettere delle antagoniste, traducendole in <span style=\"color: #008000;\"><strong>uno smagliante, nitido dialogo teatrale<\/strong><\/span>\u00ab\u00a0. <strong>Giuseppe Scaraffia<\/strong>, <em>Il Messagiero<\/em>, 22.05.1990<\/h6>\n<h6><\/h6>\n<h6>*Tutto \u00e8 autentico <span style=\"color: #008000;\"><strong>in questo incantevole falso<\/strong><\/span>, non una frase, non una parola, non un detaglio \u00e8 inventato. <strong>Ma come le tessitrici Navajos di cui parla Emilio Cecchi in \u00ab\u00a0Messico\u00a0\u00bb <span style=\"color: #008000;\">lasciano sempre nei loro tessuti<\/span> \u00ab\u00a0une piccola fratura, una menda, afinch\u00e9 l&rsquo;anima non resti prigionera dentra al lavoro\u00a0\u00bb<\/strong>, <span style=\"color: #008000;\"><strong>MINORET<\/strong> <\/span>e <strong>ARNAUD<\/strong> <strong><span style=\"color: #008000;\">hanno fatto scivolare<\/span> nei \u00ab\u00a0Salons\u00a0\u00bb une piccola frase apocrifa.<\/strong> Ritrovarla \u00e8 un&rsquo;impresa impossibile e i due falsari non son disposti a svelarla\u00a0\u00bb. <span style=\"color: #008000;\"><strong>Benedetta CRAVERI,<\/strong><\/span> <em>La Repubblica<\/em>, 21.04..1990<\/h6>\n<h6><strong>*Acquisitare sto libro\u00a0 : <\/strong><\/h6>\n<h6><a title=\"lien internetbookshop.it\" href=\"http:\/\/www.ibs.it\/code\/9788806117955\/minoret-bernard\/salotti.html\" target=\"_blank\" rel=\"noopener\">www.internetbookshop.it<\/a><\/h6>\n<p><a href=\"http:\/\/www.claude-arnaud.com\/fr\/wp-content\/uploads\/img\/ico\/bleu481.gif\"><img loading=\"lazy\" decoding=\"async\" class=\"alignleft size-full wp-image-1258\" title=\"bleu481\" src=\"http:\/\/www.claude-arnaud.com\/fr\/wp-content\/uploads\/img\/ico\/bleu481.gif\" alt=\"\" width=\"477\" height=\"2\" srcset=\"https:\/\/www.claude-arnaud.com\/fr\/wp-content\/uploads\/img\/ico\/bleu481.gif 477w, https:\/\/www.claude-arnaud.com\/fr\/wp-content\/uploads\/img\/ico\/bleu481-150x2.gif 150w, https:\/\/www.claude-arnaud.com\/fr\/wp-content\/uploads\/img\/ico\/bleu481-300x1.gif 300w, https:\/\/www.claude-arnaud.com\/fr\/wp-content\/uploads\/img\/ico\/bleu481-64x2.gif 64w\" sizes=\"auto, (max-width: 477px) 100vw, 477px\" \/><\/a><\/p>\n<blockquote>\n<h6><a href=\"http:\/\/www.claude-arnaud.com\/fr\/wp-content\/uploads\/2013\/11\/255px-Flag_of_France.svg_-150x150.png\"><img loading=\"lazy\" decoding=\"async\" class=\"alignleft  wp-image-8937\" title=\"255px-Flag_of_France.svg_-150x150\" src=\"http:\/\/www.claude-arnaud.com\/fr\/wp-content\/uploads\/2013\/11\/255px-Flag_of_France.svg_-150x150.png\" alt=\"\" width=\"67\" height=\"67\" srcset=\"https:\/\/www.claude-arnaud.com\/fr\/wp-content\/uploads\/2013\/11\/255px-Flag_of_France.svg_-150x150.png 150w, https:\/\/www.claude-arnaud.com\/fr\/wp-content\/uploads\/2013\/11\/255px-Flag_of_France.svg_-150x150-48x48.png 48w\" sizes=\"auto, (max-width: 67px) 100vw, 67px\" \/><\/a><strong>*Venons-en au miracle<\/strong>\u00a0<span style=\"color: #008000;\"><strong>MADELEINE RENAUD<\/strong><\/span>. r\u00e9fugi\u00e9e au fond de son immense fauteuil-berg\u00e8re, <strong>comme une petite souris de 90 ans<\/strong>, <strong><span style=\"color: #008000;\">elle\u00a0DOMINe de bout en bout la RePR\u00e9SENTION\u00a0<\/span><\/strong>(\u2026) on reste abassourdi<strong>, P\u00e9TRIfi\u00e9<\/strong>\u2026\u00a0<strong><span style=\"color: #008000;\">COMment UNe ARTISTe,<\/span>\u00a0aux moyens \u00a0LARGeMENT R\u00e9duits<\/strong><strong>, <span style=\"color: #008000;\">peut-elle Remplir l&rsquo;espace \u00e0 voix basse<\/span> Et sur UN TON CONFIDENtiel, ET <span style=\"color: #008000;\">Subjuguer UNE SALle De MILLE PERSOnNE<\/span> PENDue \u00e0 ses L\u00e8vres ?<\/strong>\u00a0Je n&rsquo;ai jamais vu une telle\u00a0<strong>QUALIT\u00e9 d&rsquo;\u00e9coute au ThE\u00e2TRe<\/strong>.\u00bb\u00a0<strong><span style=\"color: #008000;\">BENO\u00ceT ISORNI<\/span>, <em>LA REPUBBLICA<\/em>, 6.01.1987.\u00a0<\/strong><\/h6>\n<\/blockquote>\n<blockquote>\n<h6><strong><img loading=\"lazy\" decoding=\"async\" class=\"alignleft size-medium wp-image-12643\" src=\"http:\/\/www.claude-arnaud.com\/fr\/wp-content\/uploads\/2021\/02\/36629_400_90-166x300.jpg\" alt=\"\" width=\"166\" height=\"300\" srcset=\"https:\/\/www.claude-arnaud.com\/fr\/wp-content\/uploads\/2021\/02\/36629_400_90-166x300.jpg 166w, https:\/\/www.claude-arnaud.com\/fr\/wp-content\/uploads\/2021\/02\/36629_400_90.jpg 400w\" sizes=\"auto, (max-width: 166px) 100vw, 166px\" \/>*TRADUits par\u00a0<a title=\"lien Benedetta Craveri\" href=\"http:\/\/www.zam.it\/home.php?id_autore=761\" target=\"_blank\" rel=\"noopener\">BENEDETTA CRAVERI<\/a>,\u00a0<span style=\"color: #008000;\"><em>LES SALONS<\/em>\u00a0<\/span>ont \u00e9t\u00e9 publi\u00e9s chez EINAUDI, en 1990, SOus le titre :\u00a0<span style=\"color: #008000;\"><em>SALOTTI<\/em><\/span>. (COLLEZIONE DI TEATRO, N\u00b0325).\u00a0<strong>\u00a0<\/strong><\/strong><\/h6>\n<\/blockquote>\n<blockquote>\n<h6>*<span style=\"color: #008000;\"><strong>Tout est double dans cette COM\u00e9DIe,<\/strong><\/span>\u00a0<strong>DOuble Et SPECTACUlaire<\/strong>, A COMmeNCer par la SCENe <strong><span style=\"color: #008000;\">qui rePRESENTe Deux SALOns<\/span><\/strong>, l&rsquo;un jaune d&rsquo;OR Et l&rsquo;autre rouge \u00e9CARLATe, jusqu&rsquo;aux Deux AUTeuRs :\u00a0<strong>BERNARD MINORET<\/strong>, la soixantaine pass\u00e9e, Et\u00a0<span style=\"color: #008000;\"><strong>CLAUDE ARNAUD<\/strong><\/span>, d&rsquo;une<strong>\u00a0GENERAtION <span style=\"color: #008000;\">eNCORe ADOLESCENTE<\/span> en 1968<\/strong>, presque<strong>\u00a0UNE REPLIque Du BIN\u00f4Me <span style=\"color: #008000;\">DEFFAND-LESPINASSE<\/span>.\u00a0<\/strong>(\u2026) MAis COMmEnt se peut-il, <strong><span style=\"color: #008000;\">dans ce GRAND PUZZLE o\u00f9 chaque pi\u00e8ce a d&rsquo;abord \u00e9t\u00e9 d\u00e9compos\u00e9e avec imagination,<\/span> <\/strong>puis report\u00e9e avec patience afin de recomposer l&rsquo;image initiale, que\u00a0<strong>LEs phRASes S&#8217;embo\u00eetent sans effort,<\/strong>\u00a0s&rsquo;immis\u00e7ant \u00e0 leur place dans le DIALOGue, malgr\u00e9 les coupes et les fractures, pour nous rendre, INTAct, ce\u00a0<strong><em>NATUREL <\/em><\/strong>qui \u00e9tait au xviii si\u00e8cle <strong><span style=\"color: #008000;\">un choix esth\u00e9tique<\/span> <\/strong>? (\u2026) Le r\u00e9sultat est UN\u00a0<strong>TABLEAU VIVANT<\/strong>\u00a0qui fait grand effet.\u00a0\u00bb\u00a0<strong>\u00a0<em>CORRIERE DELLA SERRA<\/em>, 1.06.1990, <strong><span style=\"color: #008000;\">ROSETTA LOY<\/span>,\u00a0<\/strong><\/strong>qui ajoute<strong>: \u00ab\u00a0<strong>L&rsquo;EDItION ITALIenne a l&rsquo;avantage\u00a0<\/strong><\/strong><strong><strong>D&rsquo;une <span style=\"color: #008000;\">INTRODUction d&rsquo;une dizaine<\/span> de pages par <span style=\"color: #008000;\">BENEDETTA CRAVERI<\/span>, Exemple m\u00eame D&rsquo;aide \u00e0 LA LEcTURe)<\/strong><\/strong><\/h6>\n<\/blockquote>\n<blockquote>\n<h6>*<strong style=\"color: #008000;\">LE PARIs du si\u00e8cle des lumi\u00e8res reste un \u00e2ge d&rsquo;or<\/strong>. une\u00a0DELIcieuse Partition TEATRALE intitul\u00e9e <em>les SALOns\u00a0<\/em>\u00e0 le m\u00e9rite de rendre<strong> l&rsquo;atmosph\u00e8re singuli\u00e8re des h\u00f4tels particuliers DE LA CAPITALE<\/strong>, en mettant en valeur des points d&rsquo;une<strong><span style=\"color: #008000;\"> exTrAORDINAIRe AcTUALIT\u00e9<\/span><\/strong>&#8230;\u00a0<strong>UN \u00a0DIALOGue\u00a0MAGISTRALE<\/strong> \u00bb\u00a0<strong><span style=\"color: #008000;\">FABIO SCANDONE<\/span>,\u00a0<em>IL MATTINO<\/em>, 16.05.1990.<\/strong><\/h6>\n<h6>*<strong><span style=\"color: #008000;\">UN fleuret VERBAL<\/span><\/strong> qui ne fait pas penser par hasard \u00e0\u00a0<em><strong>LA nuit Et Le MOMENT<\/strong><\/em>\u00a0De CREBILLON FILS\u00a0\u00bb.\u00a0\u00a0<strong>RODOLFO DI GIAMMARCO<\/strong>,<em>\u00a0LA REPUBBLICA<\/em>, 4.05.1989<\/h6>\n<h6>*A PARIs,\u00a0<span style=\"color: #008000;\"><strong>CLAUDE ARNAUD<\/strong><\/span>\u00a0( BIOGRAphe appr\u00e9ci\u00e9de CHAMFORT) Et <strong>BERNARD MINORET<\/strong>\u00a0(GRAND amateur Du XViii si\u00e8cle) <strong>ont tir\u00e9 partie des extraordinaires LETTREs DEs deux rivales<\/strong>, en les traduisant en \u00a0\u00a0<span style=\"color: #008000;\"><strong>UN DIALOGue ThEATRALe d&rsquo;une \u00e9blouissante nettet\u00e9<\/strong><\/span>\u00ab\u00a0.\u00a0<strong>GIUSEPPE SCARAFFIA<\/strong>, <em>IL MESSAGIERO<\/em>, 22.05.1990<\/h6>\n<h6>*T<strong>out est AUThENTIque dans ce <span style=\"color: #008000;\">FAux enchanteur<\/span><\/strong>, pas UNe phRASE, pas UN mot, pas UN DETAil n&rsquo;est INVENT\u00e9.\u00a0<strong>MAis, <span style=\"color: #008000;\">COmME LEs TiSSerandes NAVAJOS<\/span> Dont PARLe EMILIO <span style=\"color: #008000;\">CECCHI<\/span> dans son <em>MESSICO<\/em> qui LAissent toujours dans leur tissu <span style=\"color: #008000;\">UNE Petite FAille, UN d\u00e9faut,<\/span> AFIN que L&rsquo;\u00e2me Ne RESTe pas PRIsonni\u00e8Re DE leur travail<\/strong>,\u00a0<strong>MINORET<\/strong>\u00a0Et\u00a0<span style=\"color: #008000;\"><strong>ARNAUD<\/strong><\/span>\u00a0ont insinu\u00e9 dans<strong>\u00a0leurs <em>SALONS<\/em> UNE Petite <span style=\"color: #008000;\">phrase apocryphe<\/span>.<\/strong>\u00a0la d\u00e9nicher est une entreprise IMPOSSIBLE <strong>Et les DEux FAusSAIres Ne sONt pas DISPOS\u00e9 A r\u00e9v\u00e9ler son emplacement<\/strong>\u00ab\u00a0.\u00a0<strong><span style=\"color: #008000;\">BENEDETTA CRAVERI<\/span>,<\/strong>\u00a0<em>LA REPUBBLICA<\/em>, 21.04.1990<\/h6>\n<h6><strong><span style=\"color: #008000;\">*pour en savoir plus<\/span> :<\/strong><\/h6>\n<h6><a title=\"lien internetbookshop.it\" href=\"http:\/\/www.ibs.it\/code\/9788806117955\/minoret-bernard\/salotti.html\" target=\"_blank\" rel=\"noopener\">WWW.INTERNETBOOKSHOP.IT<\/a><\/h6>\n<\/blockquote>\n<\/blockquote>\n","protected":false},"excerpt":{"rendered":"<p>USA *\u00ab Staged at the Th\u00e9\u00e2tre du Rond-Point, LES SALONS delighted the Paris theater audience during the 1986-87 season. The action takes place alternatively in the sitting room of Madame du Deffand, the leading literary hostess of eighteen-century Paris, and in that of her former prot\u00e9g\u00e9e turned rival, Julie de Lespinasse. Madame du Deffand\u2019s role [&hellip;]<\/p>\n","protected":false},"author":1,"featured_media":0,"parent":102,"menu_order":2,"comment_status":"open","ping_status":"open","template":"","meta":{"footnotes":""},"class_list":["post-104","page","type-page","status-publish","hentry","count-0","even alt","author-admin","last"],"post_mailing_queue_ids":[],"_links":{"self":[{"href":"https:\/\/www.claude-arnaud.com\/fr\/wp-json\/wp\/v2\/pages\/104","targetHints":{"allow":["GET"]}}],"collection":[{"href":"https:\/\/www.claude-arnaud.com\/fr\/wp-json\/wp\/v2\/pages"}],"about":[{"href":"https:\/\/www.claude-arnaud.com\/fr\/wp-json\/wp\/v2\/types\/page"}],"author":[{"embeddable":true,"href":"https:\/\/www.claude-arnaud.com\/fr\/wp-json\/wp\/v2\/users\/1"}],"replies":[{"embeddable":true,"href":"https:\/\/www.claude-arnaud.com\/fr\/wp-json\/wp\/v2\/comments?post=104"}],"version-history":[{"count":39,"href":"https:\/\/www.claude-arnaud.com\/fr\/wp-json\/wp\/v2\/pages\/104\/revisions"}],"predecessor-version":[{"id":16479,"href":"https:\/\/www.claude-arnaud.com\/fr\/wp-json\/wp\/v2\/pages\/104\/revisions\/16479"}],"up":[{"embeddable":true,"href":"https:\/\/www.claude-arnaud.com\/fr\/wp-json\/wp\/v2\/pages\/102"}],"wp:attachment":[{"href":"https:\/\/www.claude-arnaud.com\/fr\/wp-json\/wp\/v2\/media?parent=104"}],"curies":[{"name":"wp","href":"https:\/\/api.w.org\/{rel}","templated":true}]}}