{"id":102,"date":"2009-05-26T20:48:05","date_gmt":"2009-05-26T18:48:05","guid":{"rendered":"http:\/\/www.claude-arnaud.com\/fr\/?page_id=102"},"modified":"2022-02-19T12:36:52","modified_gmt":"2022-02-19T11:36:52","slug":"les-salons","status":"publish","type":"page","link":"https:\/\/www.claude-arnaud.com\/fr\/les-salons","title":{"rendered":"Th\u00e9\u00e2tre"},"content":{"rendered":"<blockquote><p><strong><a href=\"http:\/\/www.claude-arnaud.com\/fr\/wp-content\/uploads\/2009\/05\/9782709604628-G.jpg\"><img loading=\"lazy\" decoding=\"async\" class=\"alignleft size-medium wp-image-2052\" title=\"9782709604628-G\" src=\"http:\/\/www.claude-arnaud.com\/fr\/wp-content\/uploads\/2009\/05\/9782709604628-G-186x300.jpg\" alt=\"\" width=\"186\" height=\"300\" srcset=\"https:\/\/www.claude-arnaud.com\/fr\/wp-content\/uploads\/2009\/05\/9782709604628-G-186x300.jpg 186w, https:\/\/www.claude-arnaud.com\/fr\/wp-content\/uploads\/2009\/05\/9782709604628-G-93x150.jpg 93w, https:\/\/www.claude-arnaud.com\/fr\/wp-content\/uploads\/2009\/05\/9782709604628-G.jpg 250w\" sizes=\"auto, (max-width: 186px) 100vw, 186px\" \/><\/a><\/strong><\/p>\n<h1><span style=\"color: #008000;\"><strong>*LES SALONS<\/strong><\/span><\/h1>\n<h6><strong>\u00e9crits avec<\/strong> <strong>Bernard MINORET<\/strong>, <span style=\"color: #008000;\"><strong>LES SALONS<\/strong><\/span> sortent aux \u00e9ditions J.-Cl. Latt\u00e8s en 1985, avec une pr\u00e9face de <strong>Jean-Claude Bonnet<\/strong> (ISBN : 85-12-45-1355-2).<\/h6>\n<h6><\/h6>\n<h6>La pi\u00e8ce est cr\u00e9\u00e9e au Th\u00e9\u00e2tre du Rond-Point \u00e0 <span style=\"color: #008000;\"><strong>l\u2019automne 1986<\/strong><\/span> et jou\u00e9e jusqu\u2019\u00e0 l\u2019\u00e9t\u00e9 87 par <strong>Madeleine RENAUD<\/strong> (Mme du Deffand), <span style=\"color: #008000;\"><strong>Nicole Courcel<\/strong><\/span> (Julie de Lespinasse), <strong>Jacques Fran\u00e7ois <\/strong>et <span style=\"color: #008000;\"><strong>Michel Duchaussoy<\/strong><\/span> (Horace Walpole et Guibert), dans un d\u00e9cor de <strong>Roberto Plate<\/strong> et des costumes de <strong>Dominique Borg<\/strong>. Pour d\u00e9couvrir, sur le site de la BNF, <a title=\"bnf\" href=\"https:\/\/catalogue.bnf.fr\/ark:\/12148\/cb39482204c\" target=\"_blank\" rel=\"noopener\">la distribution au complet<\/a>&#8230;<\/h6>\n<h6>Pour voir, <span style=\"color: #008000;\"><strong>sur le site GALlica<\/strong><\/span> de la bnf, les photo prises par <strong>daniel cande<\/strong> <a title=\"gallica\" href=\"https:\/\/gallica.bnf.fr\/ark:\/12148\/btv1b9002117j.item\" target=\"_blank\" rel=\"noopener\">lors d&rsquo;une repr\u00e9sentation des <em>salons<\/em><\/a><em>&#8230;<\/em><\/h6>\n<h6>\u201cMise en voix\u201d la m\u00eame ann\u00e9e par <strong>Jean-Claude Penchenat<\/strong>, au Th\u00e9\u00e2tre du Campagnol, avec <strong>Marie D\u00e9a<\/strong>.<\/h6>\n<h6><strong>(Bernard MINORET<\/strong> \u00e9tait d\u00e9j\u00e0 l\u2019auteur de <span style=\"color: #008000;\"><strong>La FUITE en CHINE<\/strong><\/span>, une pi\u00e8ce \u00e9crite avec <strong>Dani\u00e8le VEZOLLES<\/strong> (\u00e9d. Christian Bourgois, pr\u00e9face de <strong>Roland BARTHES<\/strong>) et des <span style=\"color: #008000;\"><strong>MOROT-CHANDONNEUR<\/strong><\/span>, pastiches \u00e9crits avec <strong>Philippe JULLIAN.<\/strong><\/h6>\n<h6><strong><span style=\"color: #008000;\">LES SALONS<\/span> font se recroiser, en les dramatisant, les destins de Madame du Deffand et de <span style=\"color: #008000;\">Julie de Lespinasse<\/span>, deux \u00ab singuli\u00e8res \u00bb que leur correspondance amoureuse a impos\u00e9 comme des figures de proue du XVIII\u00b0 si\u00e8cle, l\u2019une pour son scepticisme voltairien, l\u2019autre pour sa sensibilit\u00e9 pr\u00e9romantique. <span style=\"color: #008000;\">La pi\u00e8ce repose sur un pari formel<\/span> : \u00e0 une exception pr\u00e8s \u2013 l\u2019aiguille dans la botte de foin &#8211; elle n\u2019est faite que de phrases r\u00e9ellement dites ou \u00e9crites par les protagonistes, tous ayant r\u00e9ellement exist\u00e9 et laiss\u00e9 des traces (<span style=\"color: #008000;\">Horace Walpole<\/span>, Guibert, <span style=\"color: #008000;\">d\u2019Alembert<\/span>). Mais le v\u00e9ritable enjeu du drame est bien <span style=\"color: #008000;\">la rivalit\u00e9 compl\u00e9mentaire des deux femmes<\/span>, qui ne cessent de rechercher leur v\u00e9rit\u00e9, <span style=\"color: #008000;\">entre le brouhaha des salons qu\u2019elles tiennent et le silence de l\u2019amour qui les rongent, en secret<\/span>. Car rien ne leur semble r\u00e9el, hormis le sentiment qui les r\u00e9v\u00e8le \u00e0 elles-m\u00eames, tout en les ali\u00e9nant \u00e0 l\u2019\u00e9lu dont elles attendent la venue. \u00ab Mais, moi, qui suis-je, se demande <span style=\"color: #008000;\">Mme du Deffand <\/span>? Une \u00e9coute s\u2019il pleut, un visionnaire qui observe les nues, qui y trouve toutes sortes de formes qui se d\u00e9truisent sur-le-champ. \u00bb Plus encore que la vie, <span style=\"color: #008000;\">l\u2019amour est un songe dont on ne se r\u00e9veille qu\u2019\u00e0 ses d\u00e9pens<\/span>\u2026.<\/strong><\/h6>\n<\/blockquote>\n<blockquote>\n<h6><strong><a href=\"https:\/\/www.editions-jclattes.fr\/livre\/les-salons-9782709604628\/\" target=\"_blank\" rel=\"noopener\">Pour trouver ce livre<\/a>\u2026<\/strong><\/h6>\n<h6><a title=\"les salons en france\" href=\"http:\/\/www.claude-arnaud.com\/fr\/les-salons\/les-salons-en-france\"><strong>POUR D\u00c9COUVRIR L&rsquo;ACCUEIL FAIT AUX <em>SALONS<\/em>\u00a0<\/strong>EN FRANCE<\/a>&#8230;<\/h6>\n<div id=\"attachment_2565\" style=\"width: 167px\" class=\"wp-caption alignright\"><a href=\"http:\/\/www.claude-arnaud.com\/fr\/wp-content\/uploads\/2009\/05\/M.Renaud.jpg\"><img loading=\"lazy\" decoding=\"async\" aria-describedby=\"caption-attachment-2565\" class=\" wp-image-2565\" title=\"OLYMPUS DIGITAL CAMERA\" src=\"http:\/\/www.claude-arnaud.com\/fr\/wp-content\/uploads\/2009\/05\/M.Renaud-150x150.jpg\" alt=\"\" width=\"157\" height=\"157\" srcset=\"https:\/\/www.claude-arnaud.com\/fr\/wp-content\/uploads\/2009\/05\/M.Renaud-150x150.jpg 150w, https:\/\/www.claude-arnaud.com\/fr\/wp-content\/uploads\/2009\/05\/M.Renaud-48x48.jpg 48w\" sizes=\"auto, (max-width: 157px) 100vw, 157px\" \/><\/a><p id=\"caption-attachment-2565\" class=\"wp-caption-text\"><strong>M. RENAUD<\/strong> dans \u00ab\u00a0<span style=\"color: #008000;\"><strong>Les Salons\u00a0\u00bb<\/strong><\/span>, 1984, photo <strong>Enguerrand<\/strong><\/p><\/div>\n<h6>ET<a title=\"Les Salons \u00e0 l\u2019\u00e9tranger\/abroad\" href=\"http:\/\/www.claude-arnaud.com\/fr\/les-salons\/les-salons-revue-de-presse-internationale\">\u00a0\u00e0 l&rsquo;\u00e9tranger&#8230;<\/a><\/h6>\n<h6><strong>Pour voir Dani\u00e8le Darrieux<\/strong> et <span style=\"color: #008000;\"><strong>Arielle DOMBALE<\/strong><\/span> jouer les SALONS au <a title=\"Les Salons au cin\u00e9ma\u2026\" href=\"http:\/\/www.claude-arnaud.com\/fr\/les-salons\/les-salons-au-cinema\">Cin\u00e9ma, dans la Nouvelle Eve&#8230;<\/a><\/h6>\n<h6>Cette pi\u00e8ce est d\u00e9di\u00e9e \u00e0 <span style=\"color: #008000;\"><strong>jacques fieschi<\/strong><\/span>, sc\u00e9ariste, cin\u00e9aste et ecrivain. Pour voir <strong>j. Fieschi<\/strong> pr\u00e9senter en 1990 <em><strong>l&rsquo;homme \u00e0 la mer<\/strong><\/em>, <a title=\"ina\" href=\"http:\/\/www.ina.fr\/video\/LXD09005935\" target=\"_blank\" rel=\"noopener\">son premier livre<\/a>&#8230;<\/h6>\n<h1><a href=\"http:\/\/www.claude-arnaud.com\/fr\/wp-content\/uploads\/2014\/09\/traversee-du-chaos-subs-blog.jpg\"><img loading=\"lazy\" decoding=\"async\" class=\"alignleft  wp-image-5681\" title=\"traversee-du-chaos-subs-blog\" src=\"http:\/\/www.claude-arnaud.com\/fr\/wp-content\/uploads\/2014\/09\/traversee-du-chaos-subs-blog-300x86.jpg\" alt=\"\" width=\"345\" height=\"98\" srcset=\"https:\/\/www.claude-arnaud.com\/fr\/wp-content\/uploads\/2014\/09\/traversee-du-chaos-subs-blog-300x86.jpg 300w, https:\/\/www.claude-arnaud.com\/fr\/wp-content\/uploads\/2014\/09\/traversee-du-chaos-subs-blog.jpg 1000w\" sizes=\"auto, (max-width: 345px) 100vw, 345px\" \/><\/a><span style=\"color: #008000;\"><strong>*LE PALAIS DES POURRITURES<\/strong><\/span><\/h1>\n<h6>INSPIRE DE L&rsquo;EPISODE DE <strong>CIRCE LA MAGICIENNE<\/strong>, qui TRANSFORME EN GORETS <span style=\"color: #008000;\"><strong>LES COMPAGNONS D&rsquo;ULYSSE<\/strong><\/span> DANS <em><strong>L&rsquo;ODYSSEE<\/strong><\/em>, <span style=\"color: #008000;\"><em><strong>LE PALAIS DES POURRITURES<\/strong><\/em><\/span> A ETE LU PAR<span style=\"color: #008000;\"><strong> CLAUDE ARNAUD<\/strong><\/span> AUX SUBSISTANCES A LYON, <span style=\"color: #008000;\"><strong>LE 20 SEPTEMBRE 2014<\/strong><\/span>, ET REPRESENTE POUR LA PREMIERE FOIS, <span style=\"color: #008000;\"><strong>CE M\u00caME JOUR<\/strong><\/span>, DANS UNE MISE EN SCENE D&rsquo;<strong>HELENE MATTON<\/strong>. POUR EN SAVOIR PLUS&#8230;<\/h6>\n<p><a href=\"http:\/\/www.claude-arnaud.com\/fr\/wp-content\/uploads\/2009\/05\/RE1409_2270-150x150.jpg\"><img loading=\"lazy\" decoding=\"async\" class=\"alignleft size-full wp-image-5684\" title=\"RE1409_2270-150x150\" src=\"http:\/\/www.claude-arnaud.com\/fr\/wp-content\/uploads\/2009\/05\/RE1409_2270-150x150.jpg\" alt=\"\" width=\"150\" height=\"150\" srcset=\"https:\/\/www.claude-arnaud.com\/fr\/wp-content\/uploads\/2009\/05\/RE1409_2270-150x150.jpg 150w, https:\/\/www.claude-arnaud.com\/fr\/wp-content\/uploads\/2009\/05\/RE1409_2270-150x150-48x48.jpg 48w\" sizes=\"auto, (max-width: 150px) 100vw, 150px\" \/><\/a> <a href=\"http:\/\/www.claude-arnaud.com\/fr\/wp-content\/uploads\/2009\/05\/RE1409_2298-150x150.jpg\"><img loading=\"lazy\" decoding=\"async\" class=\"aligncenter size-full wp-image-5685\" title=\"RE1409_2298-150x150\" src=\"http:\/\/www.claude-arnaud.com\/fr\/wp-content\/uploads\/2009\/05\/RE1409_2298-150x150.jpg\" alt=\"\" width=\"150\" height=\"150\" srcset=\"https:\/\/www.claude-arnaud.com\/fr\/wp-content\/uploads\/2009\/05\/RE1409_2298-150x150.jpg 150w, https:\/\/www.claude-arnaud.com\/fr\/wp-content\/uploads\/2009\/05\/RE1409_2298-150x150-48x48.jpg 48w\" sizes=\"auto, (max-width: 150px) 100vw, 150px\" \/><\/a><\/p>\n<h6><a href=\"http:\/\/www.claude-arnaud.com\/fr\/wp-content\/uploads\/2009\/05\/RE1409_2313-150x150.jpg\"><img loading=\"lazy\" decoding=\"async\" class=\"alignright size-full wp-image-5686\" title=\"RE1409_2313-150x150\" src=\"http:\/\/www.claude-arnaud.com\/fr\/wp-content\/uploads\/2009\/05\/RE1409_2313-150x150.jpg\" alt=\"\" width=\"150\" height=\"150\" srcset=\"https:\/\/www.claude-arnaud.com\/fr\/wp-content\/uploads\/2009\/05\/RE1409_2313-150x150.jpg 150w, https:\/\/www.claude-arnaud.com\/fr\/wp-content\/uploads\/2009\/05\/RE1409_2313-150x150-48x48.jpg 48w\" sizes=\"auto, (max-width: 150px) 100vw, 150px\" \/><\/a><span style=\"color: #008000;\"><strong>LE TEXTE DE CE MINIDRAME<\/strong><\/span> A ETE IMPRIME A CETTE OCCASION, A 55O EXEMPLAIRES&#8230;<\/h6>\n<\/blockquote>\n","protected":false},"excerpt":{"rendered":"<p>*LES SALONS \u00e9crits avec Bernard MINORET, LES SALONS sortent aux \u00e9ditions J.-Cl. Latt\u00e8s en 1985, avec une pr\u00e9face de Jean-Claude Bonnet (ISBN : 85-12-45-1355-2). La pi\u00e8ce est cr\u00e9\u00e9e au Th\u00e9\u00e2tre du Rond-Point \u00e0 l\u2019automne 1986 et jou\u00e9e jusqu\u2019\u00e0 l\u2019\u00e9t\u00e9 87 par Madeleine RENAUD (Mme du Deffand), Nicole Courcel (Julie de Lespinasse), Jacques Fran\u00e7ois et Michel [&hellip;]<\/p>\n","protected":false},"author":1,"featured_media":0,"parent":0,"menu_order":7,"comment_status":"open","ping_status":"open","template":"","meta":{"footnotes":""},"class_list":["post-102","page","type-page","status-publish","hentry","count-0","even alt","author-admin","last"],"post_mailing_queue_ids":[],"_links":{"self":[{"href":"https:\/\/www.claude-arnaud.com\/fr\/wp-json\/wp\/v2\/pages\/102","targetHints":{"allow":["GET"]}}],"collection":[{"href":"https:\/\/www.claude-arnaud.com\/fr\/wp-json\/wp\/v2\/pages"}],"about":[{"href":"https:\/\/www.claude-arnaud.com\/fr\/wp-json\/wp\/v2\/types\/page"}],"author":[{"embeddable":true,"href":"https:\/\/www.claude-arnaud.com\/fr\/wp-json\/wp\/v2\/users\/1"}],"replies":[{"embeddable":true,"href":"https:\/\/www.claude-arnaud.com\/fr\/wp-json\/wp\/v2\/comments?post=102"}],"version-history":[{"count":45,"href":"https:\/\/www.claude-arnaud.com\/fr\/wp-json\/wp\/v2\/pages\/102\/revisions"}],"predecessor-version":[{"id":13963,"href":"https:\/\/www.claude-arnaud.com\/fr\/wp-json\/wp\/v2\/pages\/102\/revisions\/13963"}],"wp:attachment":[{"href":"https:\/\/www.claude-arnaud.com\/fr\/wp-json\/wp\/v2\/media?parent=102"}],"curies":[{"name":"wp","href":"https:\/\/api.w.org\/{rel}","templated":true}]}}