{"id":100,"date":"2009-05-26T20:46:09","date_gmt":"2009-05-26T18:46:09","guid":{"rendered":"http:\/\/www.claude-arnaud.com\/fr\/?page_id=100"},"modified":"2024-11-03T18:18:57","modified_gmt":"2024-11-03T17:18:57","slug":"cinema-et-theatre","status":"publish","type":"page","link":"https:\/\/www.claude-arnaud.com\/fr\/cinema-et-theatre","title":{"rendered":"Cin\u00e9ma"},"content":{"rendered":"<h2><span style=\"color: #008000;\"><strong>CLAUDE ARNAUD a \u00e9crit pour le cin\u00e9ma : <\/strong><\/span><\/h2>\n<h2><strong>\u00a0<\/strong><\/h2>\n<div style=\"text-align: center;\">\n<div><img loading=\"lazy\" decoding=\"async\" class=\"alignleft size-medium wp-image-11356\" src=\"http:\/\/www.claude-arnaud.com\/fr\/wp-content\/uploads\/2021\/01\/18460409-221x300.jpg\" alt=\"\" width=\"221\" height=\"300\" srcset=\"https:\/\/www.claude-arnaud.com\/fr\/wp-content\/uploads\/2021\/01\/18460409-221x300.jpg 221w, https:\/\/www.claude-arnaud.com\/fr\/wp-content\/uploads\/2021\/01\/18460409.jpg 310w\" sizes=\"auto, (max-width: 221px) 100vw, 221px\" \/><\/div>\n<\/div>\n<blockquote>\n<h2><strong>LES HISTOIRES D\u2019AMOUR FINISSENT MAL EN G\u00c9N\u00c9RAL<a href=\"http:\/\/www.claude-arnaud.com\/fr\/wp-content\/uploads\/2009\/05\/images5.jpg\"><img loading=\"lazy\" decoding=\"async\" class=\"alignright size-full wp-image-2259\" title=\"images\" src=\"http:\/\/www.claude-arnaud.com\/fr\/wp-content\/uploads\/2009\/05\/images5.jpg\" alt=\"\" width=\"110\" height=\"157\" \/><\/a><\/strong><\/h2>\n<\/blockquote>\n<h6><span style=\"color: #008000;\"><strong>*Claude ARNAUD<\/strong><\/span> est co-auteur, avec <strong>Anne FONTAINE<\/strong>, du sc\u00e9nario de <strong>LES HISTOIRES D\u2019AMOUR FINISSENT MAL EN G\u00c9N\u00c9RAL<\/strong>, un film d\u2019<span style=\"color: #008000;\"><strong>Anne FONTAINE<\/strong><\/span>, avec <span style=\"color: #000000;\"><strong>Sami BOUAJILAH<\/strong>, <strong><span style=\"color: #008000;\">Nora DJEZIRI<\/span>, Alain FROMAGER<\/strong> et <strong><span style=\"color: #008000;\">Jean-Claude DREYFUS<\/span><\/strong><\/span>, sorti en salle en juin 93, s\u00e9lectionn\u00e9 au <strong>festival de Cannes (Semaine de la Critique)<\/strong>, prim\u00e9 au festival de Valence, en Espagne, <span style=\"color: #008000;\"><strong>prix Jean Vigo 1993<\/strong><\/span> \u00e0 l\u2019unanimit\u00e9 (Disponible en cassette, <a href=\"https:\/\/fr.shopping.rakuten.com\/offer\/buy\/1080329\/Les-Histoires-D-amour-Finissent-Mal-En-General-VHS.html\" target=\"_blank\" rel=\"noopener\">chez Polygram vid\u00e9o<\/a>).<\/h6>\n<h6><strong>Pour consulter ce sc\u00e9nario, et les r\u00e9actions de la presse au film<\/strong>: <a href=\"http:\/\/cineressources.bifi.fr\/recherche_t_r.php?type=FOR&amp;pk=48603&amp;rech_type=F&amp;textfield=Les+Histoires+d%27amour+finissent+mal+en+g%E9n%E9ral&amp;rech_mode=contient&amp;pageF=1&amp;pageP=1\" target=\"_blank\" rel=\"noopener\">www.bifi.fr<\/a><\/h6>\n<h6>Pour en savoir plus sur le film :<a title=\"lien wikipedia\" href=\"http:\/\/fr.wikipedia.org\/wiki\/Les_histoires_d%27amour_finissent_mal..._en_g%C3%A9n%C3%A9ral\" target=\"_blank\" rel=\"noopener\"> www.wikipedia<\/a><\/h6>\n<h2><strong>NETTOYAGE \u00c0 SEC<\/strong><\/h2>\n<h6><span style=\"color: #008000;\"><strong>*Claude ARNAUD<\/strong><\/span> a travaill\u00e9 aussi, avec <span style=\"color: #008000;\"><strong>Anne FONTAINE<img loading=\"lazy\" decoding=\"async\" class=\"alignright size-medium wp-image-11357\" src=\"http:\/\/www.claude-arnaud.com\/fr\/wp-content\/uploads\/2021\/01\/1060203-gf-203x300.jpg\" alt=\"\" width=\"203\" height=\"300\" srcset=\"https:\/\/www.claude-arnaud.com\/fr\/wp-content\/uploads\/2021\/01\/1060203-gf-203x300.jpg 203w, https:\/\/www.claude-arnaud.com\/fr\/wp-content\/uploads\/2021\/01\/1060203-gf.jpg 282w\" sizes=\"auto, (max-width: 203px) 100vw, 203px\" \/><\/strong><\/span> toujours, \u00e0 l\u2019histoire d\u2019un homme changeant de sexualit\u00e9, devenu, apr\u00e8s l\u2019intervention de <span style=\"color: #008000;\"><strong>Gilles Taurand<\/strong><\/span>, <strong>NETTOYAGE \u00c0 SEC<\/strong>, un film interpr\u00e9t\u00e9 par<span style=\"color: #0000ff;\"><strong> <span style=\"color: #008000;\">MIOU-MIOU<\/span><\/strong><\/span>, <span style=\"color: #000000;\">Charles <strong>BERLING<\/strong> <\/span>et <span style=\"color: #008000;\">Stanislas <strong>MEHRAR<\/strong><\/span>. (En cassette, chez Path\u00e9 vid\u00e9o)<\/h6>\n<h6><strong>*Pour d\u00e9couvrir le dossier du film<\/strong>\/ <span style=\"color: #008000;\">more about the film<\/span> :\u00a0<a href=\"https:\/\/le7egenre.fr\/wp-content\/uploads\/2020\/06\/dossier-de-presse-nettoyage-a-sec.pdf\" target=\"_blank\" rel=\"noopener\">streaming-films.fr<\/a><\/h6>\n<h4><span style=\"color: #008000;\">*LES SALONS<\/span>, pi\u00e8ce \u00e9crite par Claude ARNAUD et <span style=\"color: #008000;\">Bernard MINORET<\/span>, ont par ailleurs inspir\u00e9s <a title=\"les salons au cin\u00e9ma\" href=\"http:\/\/www.claude-arnaud.com\/fr\/les-salons\/les-salons-au-cinema\">un film d&rsquo;Anne FONTAINE<\/a>&#8230;<\/h4>\n<h4><span style=\"color: #008000;\">Claude ARNAUD<\/span> a \u00e9crit aussi <a title=\"sur le cin\u00e9ma\" href=\"http:\/\/www.claude-arnaud.com\/fr\/cinema-et-theatre\/ecrits-sur-le-cinema\">sur le cin\u00e9ma&#8230;<\/a><\/h4>\n","protected":false},"excerpt":{"rendered":"<p>CLAUDE ARNAUD a \u00e9crit pour le cin\u00e9ma : \u00a0 LES HISTOIRES D\u2019AMOUR FINISSENT MAL EN G\u00c9N\u00c9RAL *Claude ARNAUD est co-auteur, avec Anne FONTAINE, du sc\u00e9nario de LES HISTOIRES D\u2019AMOUR FINISSENT MAL EN G\u00c9N\u00c9RAL, un film d\u2019Anne FONTAINE, avec Sami BOUAJILAH, Nora DJEZIRI, Alain FROMAGER et Jean-Claude DREYFUS, sorti en salle en juin 93, s\u00e9lectionn\u00e9 au [&hellip;]<\/p>\n","protected":false},"author":1,"featured_media":0,"parent":0,"menu_order":7,"comment_status":"open","ping_status":"open","template":"","meta":{"footnotes":""},"class_list":["post-100","page","type-page","status-publish","hentry","count-0","even alt","author-admin","last"],"post_mailing_queue_ids":[],"_links":{"self":[{"href":"https:\/\/www.claude-arnaud.com\/fr\/wp-json\/wp\/v2\/pages\/100","targetHints":{"allow":["GET"]}}],"collection":[{"href":"https:\/\/www.claude-arnaud.com\/fr\/wp-json\/wp\/v2\/pages"}],"about":[{"href":"https:\/\/www.claude-arnaud.com\/fr\/wp-json\/wp\/v2\/types\/page"}],"author":[{"embeddable":true,"href":"https:\/\/www.claude-arnaud.com\/fr\/wp-json\/wp\/v2\/users\/1"}],"replies":[{"embeddable":true,"href":"https:\/\/www.claude-arnaud.com\/fr\/wp-json\/wp\/v2\/comments?post=100"}],"version-history":[{"count":29,"href":"https:\/\/www.claude-arnaud.com\/fr\/wp-json\/wp\/v2\/pages\/100\/revisions"}],"predecessor-version":[{"id":16340,"href":"https:\/\/www.claude-arnaud.com\/fr\/wp-json\/wp\/v2\/pages\/100\/revisions\/16340"}],"wp:attachment":[{"href":"https:\/\/www.claude-arnaud.com\/fr\/wp-json\/wp\/v2\/media?parent=100"}],"curies":[{"name":"wp","href":"https:\/\/api.w.org\/{rel}","templated":true}]}}